{"id":230,"date":"2026-03-03T14:57:11","date_gmt":"2026-03-03T14:57:11","guid":{"rendered":"https:\/\/jmc.homes\/new\/?page_id=230"},"modified":"2026-03-03T14:57:12","modified_gmt":"2026-03-03T14:57:12","slug":"politica-de-cookies","status":"publish","type":"page","link":"https:\/\/jmc.homes\/fr\/politica-de-cookies\/","title":{"rendered":"Politique relative aux cookies"},"content":{"rendered":"<h1 class=\"wp-block-heading\">Utilisation des cookies<\/h1>\n\n\n\n<p>Avis par le biais de ce site Web&nbsp;<a href=\"https:\/\/jmc.homes\/fr\/\">www.jmc.homes<\/a>&nbsp;JMC PROYECTOS INMOBILIARIOS, SLU, avec CIF B16848087, vous informe de sa politique en mati\u00e8re de cookies, se conformant ainsi aux dispositions de l&#039;article 22.2 de la loi 34\/2002 du 11 juillet relative aux services de la soci\u00e9t\u00e9 de l&#039;information et au commerce \u00e9lectronique.<\/p>\n\n\n\n<p><strong>Qu&#039;est-ce qu&#039;un cookie ?<\/strong><\/p>\n\n\n\n<p>Les cookies sont des fichiers t\u00e9l\u00e9charg\u00e9s sur l&#039;appareil de l&#039;utilisateur (ordinateur, smartphone ou tablette) lors de l&#039;acc\u00e8s \u00e0 certains sites web et stock\u00e9s dans sa m\u00e9moire. Ils permettent notamment de m\u00e9moriser et de r\u00e9cup\u00e9rer des informations relatives aux habitudes de navigation de l&#039;utilisateur ou \u00e0 son appareil, telles que les pages consult\u00e9es, la dur\u00e9e de connexion et l&#039;analyse des performances d&#039;une page, y compris les \u00e9ventuels probl\u00e8mes techniques. Selon les informations qu&#039;ils contiennent et l&#039;utilisation de l&#039;appareil, ils peuvent permettre de reconna\u00eetre l&#039;utilisateur.<\/p>\n\n\n\n<p><strong>Quels types de cookies existe-t-il ?<\/strong><\/p>\n\n\n\n<p>Il existe plusieurs types de cookies selon diff\u00e9rents crit\u00e8res\u00a0:&nbsp;<\/p>\n\n\n\n<p><strong>Selon le type de propri\u00e9t\u00e9\u00a0:<\/strong><\/p>\n\n\n\n<p>\u2022 Cookies internes : Ce sont des cookies qui appartiennent au propri\u00e9taire du site web.<\/p>\n\n\n\n<p>\u2022 Cookies tiers\u00a0: Il s\u2019agit des cookies appartenant \u00e0 un tiers, autre que le propri\u00e9taire du site web, qui traitera les informations collect\u00e9es.&nbsp;<\/p>\n\n\n\n<p><strong>Selon sa finalit\u00e9 :<\/strong><\/p>\n\n\n\n<p>\u2022 Cookies techniques : Ces cookies permettent \u00e0 l&#039;utilisateur de naviguer sur un site web, une plateforme ou une application et d&#039;utiliser les diff\u00e9rentes options ou services qui y sont propos\u00e9s, y compris ceux utilis\u00e9s par l&#039;\u00e9diteur pour la gestion et le fonctionnement du site web et pour l&#039;activation de ses fonctions et services, tels que, par exemple, le contr\u00f4le du trafic et de la communication des donn\u00e9es, l&#039;identification de la session, l&#039;acc\u00e8s aux zones restreintes, la m\u00e9morisation des articles d&#039;une commande, la r\u00e9alisation du processus d&#039;achat d&#039;une commande, la gestion des paiements, la lutte contre la fraude li\u00e9e \u00e0 la s\u00e9curit\u00e9 du service, la demande d&#039;inscription ou de participation \u00e0 un \u00e9v\u00e9nement, le comptage des visites \u00e0 des fins de facturation des licences du logiciel avec lequel le service (site web, plateforme ou application) fonctionne, l&#039;utilisation d&#039;\u00e9l\u00e9ments de s\u00e9curit\u00e9 lors de la navigation, le stockage de contenu pour la diffusion de vid\u00e9os ou de sons, l&#039;activation de contenu dynamique (par exemple, l&#039;animation du chargement d&#039;un texte ou d&#039;une image) ou le partage de contenu via les r\u00e9seaux sociaux.<\/p>\n\n\n\n<p>Appartenant \u00e9galement \u00e0 cette cat\u00e9gorie, de par leur nature technique, les cookies permettant une gestion optimale des espaces publicitaires. Ces espaces, faisant partie int\u00e9grante de la conception ou de la mise en page du service propos\u00e9 \u00e0 l&#039;utilisateur, sont int\u00e9gr\u00e9s par l&#039;\u00e9diteur sur un site web, une application ou une plateforme en fonction de crit\u00e8res tels que le contenu affich\u00e9, sans collecte d&#039;informations utilisateur \u00e0 d&#039;autres fins, comme la personnalisation de la publicit\u00e9 ou d&#039;autres contenus. Les cookies techniques sont exempt\u00e9s des obligations pr\u00e9vues \u00e0 l&#039;article 22.2 de la LSSI (Loi espagnole sur les services de la soci\u00e9t\u00e9 de l&#039;information et le commerce \u00e9lectronique) lorsqu&#039;ils permettent la fourniture du service demand\u00e9 par l&#039;utilisateur, comme c&#039;est le cas pour les cookies mentionn\u00e9s pr\u00e9c\u00e9demment. Toutefois, si ces cookies sont \u00e9galement utilis\u00e9s \u00e0 des fins non exempt\u00e9es (par exemple, la publicit\u00e9 comportementale), ils seront soumis \u00e0 ces obligations.<\/p>\n\n\n\n<p>\u2022 Cookies de pr\u00e9f\u00e9rence ou de personnalisation\u00a0: il s\u2019agit de cookies qui permettent de m\u00e9moriser des informations afin que l\u2019utilisateur puisse acc\u00e9der au service avec certaines caract\u00e9ristiques susceptibles de diff\u00e9rencier son exp\u00e9rience de celle des autres utilisateurs, comme par exemple la langue, le nombre de r\u00e9sultats \u00e0 afficher lors d\u2019une recherche, l\u2019apparence ou le contenu du service en fonction du type de navigateur utilis\u00e9 ou de la r\u00e9gion depuis laquelle l\u2019utilisateur acc\u00e8de au service, etc.<\/p>\n\n\n\n<p>Si l\u2019utilisateur choisit lui-m\u00eame ces caract\u00e9ristiques (par exemple, s\u2019il s\u00e9lectionne la langue d\u2019un site web en cliquant sur l\u2019ic\u00f4ne du drapeau du pays correspondant), les cookies seront exempt\u00e9s des obligations de l\u2019article 22.2 de la LSSI car ils sont consid\u00e9r\u00e9s comme un service express\u00e9ment demand\u00e9 par l\u2019utilisateur, \u00e0 condition que les cookies ob\u00e9issent exclusivement \u00e0 la finalit\u00e9 s\u00e9lectionn\u00e9e.<\/p>\n\n\n\n<p>\u2022 Cookies d\u2019analyse ou de mesure\u00a0: Ces cookies permettent \u00e0 leur responsable de suivre et d\u2019analyser le comportement des utilisateurs sur les sites web auxquels ils sont associ\u00e9s, notamment en quantifiant l\u2019impact des publicit\u00e9s. Les informations recueillies gr\u00e2ce \u00e0 ces cookies servent \u00e0 mesurer l\u2019activit\u00e9 des sites web, applications ou plateformes, afin d\u2019apporter des am\u00e9liorations bas\u00e9es sur l\u2019analyse des donn\u00e9es des utilisateurs.&nbsp;<\/p>\n\n\n\n<p>Concernant le traitement des donn\u00e9es collect\u00e9es par le biais des cookies analytiques, bien qu&#039;ils ne soient pas exempt\u00e9s de l&#039;obligation d&#039;obtenir un consentement \u00e9clair\u00e9 pour leur utilisation, ils ne pr\u00e9sentent probablement aucun risque pour la vie priv\u00e9e des utilisateurs \u00e0 condition qu&#039;il s&#039;agisse de cookies internes, qu&#039;ils traitent des donn\u00e9es agr\u00e9g\u00e9es \u00e0 des fins strictement statistiques, qu&#039;ils fournissent des informations sur leur utilisation et qu&#039;ils offrent aux utilisateurs la possibilit\u00e9 de s&#039;opposer \u00e0 leur utilisation.<\/p>\n\n\n\n<p>\u2022 Cookies de publicit\u00e9 comportementale\u00a0: il s\u2019agit de cookies qui stockent des informations sur le comportement de l\u2019utilisateur obtenues gr\u00e2ce \u00e0 l\u2019observation continue de ses habitudes de navigation, permettant ainsi l\u2019\u00e9laboration d\u2019un profil sp\u00e9cifique pour afficher des publicit\u00e9s cibl\u00e9es.<\/p>\n\n\n\n<p><strong>En fonction de la dur\u00e9e pendant laquelle elles restent activ\u00e9es sur l&#039;\u00e9quipement terminal, on peut distinguer\u00a0:<\/strong><\/p>\n\n\n\n<p>\u2022 Cookies de session\u00a0: Ces cookies sont con\u00e7us pour collecter et stocker des donn\u00e9es pendant que l\u2019utilisateur consulte un site web. Ils servent g\u00e9n\u00e9ralement \u00e0 stocker des informations n\u00e9cessaires \u00e0 la fourniture du service demand\u00e9 par l\u2019utilisateur pour une seule et unique occasion (par exemple, une liste de produits achet\u00e9s) et disparaissent \u00e0 la fin de la session.<\/p>\n\n\n\n<p>\u2022 Cookies persistants\u00a0: il s\u2019agit de cookies dont les donn\u00e9es restent stock\u00e9es sur le terminal et peuvent \u00eatre consult\u00e9es et trait\u00e9es pendant une p\u00e9riode d\u00e9finie par le propri\u00e9taire du cookie, qui peut aller de quelques minutes \u00e0 plusieurs ann\u00e9es.<\/p>\n\n\n\n<p><strong>\u00c0 quoi sert un cookie ?<\/strong><\/p>\n\n\n\n<p>Les cookies sont utilis\u00e9s pour vous fournir des services et\/ou des publicit\u00e9s personnalis\u00e9s, pour analyser les performances du syst\u00e8me, pour vous reconna\u00eetre lorsque vous vous connectez en tant qu&#039;utilisateur, pour localiser et r\u00e9soudre tout probl\u00e8me le plus rapidement possible, et pour analyser et mesurer l&#039;utilisation et l&#039;activit\u00e9 du site web.<\/p>\n\n\n\n<p><strong>Mon consentement est-il requis pour le d\u00e9p\u00f4t d&#039;un cookie\u00a0?<\/strong><\/p>\n\n\n\n<p>Le consentement n\u2019est pas requis pour l\u2019installation des cookies techniques ou de ceux strictement n\u00e9cessaires \u00e0 la fourniture d\u2019un service de la soci\u00e9t\u00e9 de l\u2019information express\u00e9ment demand\u00e9 par le destinataire.&nbsp;<\/p>\n\n\n\n<p>Pour tous les autres cookies, le consentement de l&#039;utilisateur est requis et peut \u00eatre demand\u00e9 par diff\u00e9rents moyens. Concernant ce site web, votre consentement sera consid\u00e9r\u00e9 comme acquis si vous continuez \u00e0 l&#039;utiliser, sans pr\u00e9judice de votre droit de le retirer et de d\u00e9sactiver les cookies \u00e0 tout moment.<\/p>\n\n\n\n<p><strong>Quels cookies sont actuellement utilis\u00e9s sur ce site web\u00a0? Qui utilise ces cookies\u00a0?<\/strong><\/p>\n\n\n\n<p>COOKIES DE SESSION OU PERSISTANTS\u00a0: Il s\u2019agit de cookies internes de session, d\u2019identification, de configuration et d\u2019enregistrement, strictement n\u00e9cessaires \u00e0 l\u2019identification de l\u2019utilisateur et \u00e0 la fourniture des services demand\u00e9s. Les informations recueillies gr\u00e2ce \u00e0 ces cookies sont trait\u00e9es exclusivement par le propri\u00e9taire du site web.<\/p>\n\n\n\n<p>REMARQUE\u00a0: Cette liste sera mise \u00e0 jour dans les meilleurs d\u00e9lais. Toutefois, exceptionnellement, certains cookies pourraient \u00eatre temporairement omis lors de la mise \u00e0 jour. Dans tous les cas, il s\u2019agira toujours de cookies ayant les m\u00eames finalit\u00e9s que ceux r\u00e9pertori\u00e9s dans cette liste.<\/p>\n\n\n\n<p>Ces outils ne collectent ni les donn\u00e9es personnelles ni les adresses postales des utilisateurs. Les informations collect\u00e9es concernent le nombre de pages consult\u00e9es, la langue, la ville associ\u00e9e \u00e0 l&#039;adresse IP d&#039;acc\u00e8s au site, le nombre de visiteurs, la fr\u00e9quence et la r\u00e9currence des visites, leur dur\u00e9e, le navigateur utilis\u00e9 et le type d&#039;appareil utilis\u00e9 pour acc\u00e9der au site.<\/p>\n\n\n\n<p><strong>D\u00e9tails de nos propres cookies<\/strong><\/p>\n\n\n\n<figure class=\"wp-block-table\"><table class=\"has-fixed-layout\"><tbody><tr><td><strong>Cookie<\/strong><\/td><td><strong>Domaine<\/strong><\/td><td><strong>Expiration<\/strong><\/td><td><strong>Description<\/strong><\/td><\/tr><tr><td>move_gdpr_popup<\/td><td>jmc.homes<\/td><td>1 an<\/td><td>Contr\u00f4le d&#039;acceptation des cookies<\/td><\/tr><\/tbody><\/table><\/figure>\n\n\n\n<p><strong>D\u00e9tails des cookies tiers<\/strong><\/p>\n\n\n\n<p>Aucun<\/p>\n\n\n\n<p><strong>Comment d\u00e9sactiver les cookies dans votre navigateur\u00a0?<\/strong><\/p>\n\n\n\n<p>La plupart des navigateurs permettent d\u00e9sormais aux utilisateurs de configurer l&#039;acceptation des cookies et de choisir lesquels. Ces param\u00e8tres se trouvent g\u00e9n\u00e9ralement dans le menu \u2018\u00a0Options\u00a0\u2019 ou \u2018\u00a0Pr\u00e9f\u00e9rences\u00a0\u2019 de votre navigateur.<\/p>\n\n\n\n<p>Voici les instructions pour configurer les cookies dans les principaux navigateurs\u00a0:<\/p>\n\n\n\n<p>Chrome\u00a0: Param\u00e8tres -&gt; Afficher les param\u00e8tres avanc\u00e9s -&gt; Confidentialit\u00e9 -&gt; Param\u00e8tres de contenu. Pour plus d&#039;informations, vous pouvez consulter l&#039;assistance Google ou l&#039;aide du navigateur (<a href=\"http:\/\/support.google.com\/chrome\/?hl=es\">http:\/\/support.google.com\/chrome\/?hl=es<\/a>)<\/p>\n\n\n\n<p>Firefox\u00a0: Outils \u2192 Options \u2192 Vie priv\u00e9e \u2192 Historique \u2192 Param\u00e8tres personnalis\u00e9s. Pour plus d\u2019informations, consultez l\u2019assistance Mozilla ou l\u2019aide du navigateur.<a href=\"http:\/\/support.mozilla.org\/es\/home\">http:\/\/support.mozilla.org\/es\/home<\/a>)<\/p>\n\n\n\n<p>Internet Explorer\u00a0: Outils -&gt; Options Internet -&gt; Confidentialit\u00e9 -&gt; Param\u00e8tres. Pour plus d\u2019informations, consultez le support Microsoft ou l\u2019aide du navigateur.<a href=\"http:\/\/windows.microsoft.com\/es-ES\/windows\/support\">http:\/\/windows.microsoft.com\/es-ES\/windows\/support<\/a>)<\/p>\n\n\n\n<p>Safari\u00a0: Pr\u00e9f\u00e9rences -&gt; S\u00e9curit\u00e9. Pour plus d\u2019informations, consultez l\u2019assistance Apple ou l\u2019aide du navigateur.<a href=\"http:\/\/www.apple.com\/es\/support\/safari\/\">http:\/\/www.apple.com\/es\/support\/safari\/<\/a>)<\/p>\n\n\n\n<p><strong>Y a-t-il un transfert de donn\u00e9es obtenues via les cookies\u00a0?<\/strong><\/p>\n\n\n\n<p>Dans notre cas, il n&#039;y a pas de transfert.<\/p>\n\n\n\n<p><strong>Combien de temps les informations recueillies seront-elles conserv\u00e9es\u00a0?<\/strong><\/p>\n\n\n\n<p>Uniquement ce qui est n\u00e9cessaire \u00e0 la finalit\u00e9 pour laquelle il a \u00e9t\u00e9 obtenu.&nbsp;<\/p>\n\n\n\n<p><strong>Consentement des mineurs de moins de 14 ans.<\/strong><\/p>\n\n\n\n<p>Notre site web n&#039;est pas destin\u00e9 aux utilisateurs de moins de 14 ans. Si vous souhaitez utiliser nos services en ligne et que vous avez 14 ans ou moins, nous aurons besoin que votre parent ou tuteur prenne connaissance de notre politique et consente \u00e0 l&#039;utilisation de vos donn\u00e9es en votre nom.<\/p>\n\n\n\n<p><em>Derni\u00e8re mise \u00e0 jour : 21 mars 2023<\/em><\/p>","protected":false},"excerpt":{"rendered":"<p>Uso de Cookies Mediante el presente aviso de la web&nbsp;www.jmc.homes&nbsp;con titular JMC PROYECTOS INMOBILIARIOS, S.L.U., con C.I.F. B16848087, le informa de su pol\u00edtica de cookies, cumpliendo as\u00ed con lo previsto en el art\u00edculo 22.2 de la Ley 34\/2002, de 11 de julio de Servicios de la Sociedad de la Informaci\u00f3n y de Comercio Electr\u00f3nico. \u00bfQu\u00e9 [&hellip;]<\/p>\n","protected":false},"author":1,"featured_media":0,"parent":0,"menu_order":0,"comment_status":"closed","ping_status":"closed","template":"","meta":{"_acf_changed":false,"footnotes":""},"class_list":["post-230","page","type-page","status-publish","hentry"],"acf":[],"yoast_head":"<!-- This site is optimized with the Yoast SEO plugin v27.2 - https:\/\/yoast.com\/product\/yoast-seo-wordpress\/ -->\n<title>Pol\u00edtica de Cookies - JMC Homes<\/title>\n<meta name=\"robots\" content=\"index, follow, max-snippet:-1, max-image-preview:large, max-video-preview:-1\" \/>\n<link rel=\"canonical\" href=\"https:\/\/jmc.homes\/fr\/politica-de-cookies\/\" \/>\n<meta property=\"og:locale\" content=\"fr_FR\" \/>\n<meta property=\"og:type\" content=\"article\" \/>\n<meta property=\"og:title\" content=\"Pol\u00edtica de Cookies - JMC Homes\" \/>\n<meta property=\"og:description\" content=\"Uso de Cookies Mediante el presente aviso de la web&nbsp;www.jmc.homes&nbsp;con titular JMC PROYECTOS INMOBILIARIOS, S.L.U., con C.I.F. B16848087, le informa de su pol\u00edtica de cookies, cumpliendo as\u00ed con lo previsto en el art\u00edculo 22.2 de la Ley 34\/2002, de 11 de julio de Servicios de la Sociedad de la Informaci\u00f3n y de Comercio Electr\u00f3nico. \u00bfQu\u00e9 [&hellip;]\" \/>\n<meta property=\"og:url\" content=\"https:\/\/jmc.homes\/fr\/politica-de-cookies\/\" \/>\n<meta property=\"og:site_name\" content=\"JMC Homes\" \/>\n<meta property=\"article:publisher\" content=\"http:\/\/facebook.com\/jmc.tailored.projects\" \/>\n<meta property=\"article:modified_time\" content=\"2026-03-03T14:57:12+00:00\" \/>\n<meta property=\"og:image\" content=\"https:\/\/jmc.homes\/wp-content\/uploads\/2026\/03\/JMC-favicon.png\" \/>\n\t<meta property=\"og:image:width\" content=\"1200\" \/>\n\t<meta property=\"og:image:height\" content=\"1200\" \/>\n\t<meta property=\"og:image:type\" content=\"image\/png\" \/>\n<meta name=\"twitter:card\" content=\"summary_large_image\" \/>\n<meta name=\"twitter:label1\" content=\"Dur\u00e9e de lecture estim\u00e9e\" \/>\n\t<meta name=\"twitter:data1\" content=\"9 minutes\" \/>\n<script type=\"application\/ld+json\" class=\"yoast-schema-graph\">{\"@context\":\"https:\/\/schema.org\",\"@graph\":[{\"@type\":\"WebPage\",\"@id\":\"https:\/\/jmc.homes\/politica-de-cookies\/\",\"url\":\"https:\/\/jmc.homes\/politica-de-cookies\/\",\"name\":\"Pol\u00edtica de Cookies - JMC Homes\",\"isPartOf\":{\"@id\":\"https:\/\/jmc.homes\/#website\"},\"datePublished\":\"2026-03-03T14:57:11+00:00\",\"dateModified\":\"2026-03-03T14:57:12+00:00\",\"breadcrumb\":{\"@id\":\"https:\/\/jmc.homes\/politica-de-cookies\/#breadcrumb\"},\"inLanguage\":\"fr-FR\",\"potentialAction\":[{\"@type\":\"ReadAction\",\"target\":[\"https:\/\/jmc.homes\/politica-de-cookies\/\"]}]},{\"@type\":\"BreadcrumbList\",\"@id\":\"https:\/\/jmc.homes\/politica-de-cookies\/#breadcrumb\",\"itemListElement\":[{\"@type\":\"ListItem\",\"position\":1,\"name\":\"Portada\",\"item\":\"https:\/\/jmc.homes\/\"},{\"@type\":\"ListItem\",\"position\":2,\"name\":\"Pol\u00edtica de Cookies\"}]},{\"@type\":\"WebSite\",\"@id\":\"https:\/\/jmc.homes\/#website\",\"url\":\"https:\/\/jmc.homes\/\",\"name\":\"JMC Homes\",\"description\":\"Un estilo de vida: exclusividad,  dise\u00f1o y confianza en cada detalle.\",\"publisher\":{\"@id\":\"https:\/\/jmc.homes\/#organization\"},\"potentialAction\":[{\"@type\":\"SearchAction\",\"target\":{\"@type\":\"EntryPoint\",\"urlTemplate\":\"https:\/\/jmc.homes\/?s={search_term_string}\"},\"query-input\":{\"@type\":\"PropertyValueSpecification\",\"valueRequired\":true,\"valueName\":\"search_term_string\"}}],\"inLanguage\":\"fr-FR\"},{\"@type\":\"Organization\",\"@id\":\"https:\/\/jmc.homes\/#organization\",\"name\":\"JMC Homes\",\"url\":\"https:\/\/jmc.homes\/\",\"logo\":{\"@type\":\"ImageObject\",\"inLanguage\":\"fr-FR\",\"@id\":\"https:\/\/jmc.homes\/#\/schema\/logo\/image\/\",\"url\":\"https:\/\/jmc.homes\/wp-content\/uploads\/2026\/03\/cropped-JMC-favicon.png\",\"contentUrl\":\"https:\/\/jmc.homes\/wp-content\/uploads\/2026\/03\/cropped-JMC-favicon.png\",\"width\":512,\"height\":512,\"caption\":\"JMC Homes\"},\"image\":{\"@id\":\"https:\/\/jmc.homes\/#\/schema\/logo\/image\/\"},\"sameAs\":[\"http:\/\/facebook.com\/jmc.tailored.projects\",\"https:\/\/www.instagram.com\/jmc_homes\/\",\"https:\/\/www.linkedin.com\/company\/jmchomes\/\"]}]}<\/script>\n<!-- \/ Yoast SEO plugin. -->","yoast_head_json":{"title":"Pol\u00edtica de Cookies - JMC Homes","robots":{"index":"index","follow":"follow","max-snippet":"max-snippet:-1","max-image-preview":"max-image-preview:large","max-video-preview":"max-video-preview:-1"},"canonical":"https:\/\/jmc.homes\/fr\/politica-de-cookies\/","og_locale":"fr_FR","og_type":"article","og_title":"Pol\u00edtica de Cookies - JMC Homes","og_description":"Uso de Cookies Mediante el presente aviso de la web&nbsp;www.jmc.homes&nbsp;con titular JMC PROYECTOS INMOBILIARIOS, S.L.U., con C.I.F. B16848087, le informa de su pol\u00edtica de cookies, cumpliendo as\u00ed con lo previsto en el art\u00edculo 22.2 de la Ley 34\/2002, de 11 de julio de Servicios de la Sociedad de la Informaci\u00f3n y de Comercio Electr\u00f3nico. \u00bfQu\u00e9 [&hellip;]","og_url":"https:\/\/jmc.homes\/fr\/politica-de-cookies\/","og_site_name":"JMC Homes","article_publisher":"http:\/\/facebook.com\/jmc.tailored.projects","article_modified_time":"2026-03-03T14:57:12+00:00","og_image":[{"width":1200,"height":1200,"url":"https:\/\/jmc.homes\/wp-content\/uploads\/2026\/03\/JMC-favicon.png","type":"image\/png"}],"twitter_card":"summary_large_image","twitter_misc":{"Dur\u00e9e de lecture estim\u00e9e":"9 minutes"},"schema":{"@context":"https:\/\/schema.org","@graph":[{"@type":"WebPage","@id":"https:\/\/jmc.homes\/politica-de-cookies\/","url":"https:\/\/jmc.homes\/politica-de-cookies\/","name":"Pol\u00edtica de Cookies - JMC Homes","isPartOf":{"@id":"https:\/\/jmc.homes\/#website"},"datePublished":"2026-03-03T14:57:11+00:00","dateModified":"2026-03-03T14:57:12+00:00","breadcrumb":{"@id":"https:\/\/jmc.homes\/politica-de-cookies\/#breadcrumb"},"inLanguage":"fr-FR","potentialAction":[{"@type":"ReadAction","target":["https:\/\/jmc.homes\/politica-de-cookies\/"]}]},{"@type":"BreadcrumbList","@id":"https:\/\/jmc.homes\/politica-de-cookies\/#breadcrumb","itemListElement":[{"@type":"ListItem","position":1,"name":"Portada","item":"https:\/\/jmc.homes\/"},{"@type":"ListItem","position":2,"name":"Pol\u00edtica de Cookies"}]},{"@type":"WebSite","@id":"https:\/\/jmc.homes\/#website","url":"https:\/\/jmc.homes\/","name":"JMC Homes","description":"Un style de vie : exclusivit\u00e9, design et confiance dans les moindres d\u00e9tails.","publisher":{"@id":"https:\/\/jmc.homes\/#organization"},"potentialAction":[{"@type":"SearchAction","target":{"@type":"EntryPoint","urlTemplate":"https:\/\/jmc.homes\/?s={search_term_string}"},"query-input":{"@type":"PropertyValueSpecification","valueRequired":true,"valueName":"search_term_string"}}],"inLanguage":"fr-FR"},{"@type":"Organization","@id":"https:\/\/jmc.homes\/#organization","name":"JMC Homes","url":"https:\/\/jmc.homes\/","logo":{"@type":"ImageObject","inLanguage":"fr-FR","@id":"https:\/\/jmc.homes\/#\/schema\/logo\/image\/","url":"https:\/\/jmc.homes\/wp-content\/uploads\/2026\/03\/cropped-JMC-favicon.png","contentUrl":"https:\/\/jmc.homes\/wp-content\/uploads\/2026\/03\/cropped-JMC-favicon.png","width":512,"height":512,"caption":"JMC Homes"},"image":{"@id":"https:\/\/jmc.homes\/#\/schema\/logo\/image\/"},"sameAs":["http:\/\/facebook.com\/jmc.tailored.projects","https:\/\/www.instagram.com\/jmc_homes\/","https:\/\/www.linkedin.com\/company\/jmchomes\/"]}]}},"_links":{"self":[{"href":"https:\/\/jmc.homes\/fr\/wp-json\/wp\/v2\/pages\/230","targetHints":{"allow":["GET"]}}],"collection":[{"href":"https:\/\/jmc.homes\/fr\/wp-json\/wp\/v2\/pages"}],"about":[{"href":"https:\/\/jmc.homes\/fr\/wp-json\/wp\/v2\/types\/page"}],"author":[{"embeddable":true,"href":"https:\/\/jmc.homes\/fr\/wp-json\/wp\/v2\/users\/1"}],"replies":[{"embeddable":true,"href":"https:\/\/jmc.homes\/fr\/wp-json\/wp\/v2\/comments?post=230"}],"version-history":[{"count":1,"href":"https:\/\/jmc.homes\/fr\/wp-json\/wp\/v2\/pages\/230\/revisions"}],"predecessor-version":[{"id":231,"href":"https:\/\/jmc.homes\/fr\/wp-json\/wp\/v2\/pages\/230\/revisions\/231"}],"wp:attachment":[{"href":"https:\/\/jmc.homes\/fr\/wp-json\/wp\/v2\/media?parent=230"}],"curies":[{"name":"wp","href":"https:\/\/api.w.org\/{rel}","templated":true}]}}