{"id":226,"date":"2026-03-03T14:56:12","date_gmt":"2026-03-03T14:56:12","guid":{"rendered":"https:\/\/jmc.homes\/new\/?page_id=226"},"modified":"2026-03-03T14:56:12","modified_gmt":"2026-03-03T14:56:12","slug":"aviso-legal","status":"publish","type":"page","link":"https:\/\/jmc.homes\/fr\/aviso-legal\/","title":{"rendered":"Avis juridique"},"content":{"rendered":"<h1 class=\"wp-block-heading\">Avis juridique<\/h1>\n\n\n\n<p>L&#039;acc\u00e8s \u00e0 ce site web implique la connaissance et l&#039;acceptation des pr\u00e9sentes conditions g\u00e9n\u00e9rales et conf\u00e8re le statut d&#039;utilisateur du site. L&#039;acc\u00e8s au site implique l&#039;acceptation sans r\u00e9serve de ces conditions. Si vous n&#039;acceptez pas les clauses \u00e9nonc\u00e9es dans les pr\u00e9sentes mentions l\u00e9gales, vous devez vous abstenir d&#039;acc\u00e9der aux services et\/ou contenus mis \u00e0 disposition sur le site web et\/ou de les utiliser, et quitter le site.<\/p>\n\n\n\n<p><strong>PROPRI\u00c9T\u00c9 DU SITE WEB<\/strong><\/p>\n\n\n\n<p>JMC PROYECTOS INMOBILIARIOS, SLU, conform\u00e9ment aux dispositions de l&#039;article 10 de la loi 34\/2002 du 11 juillet relative aux services de la soci\u00e9t\u00e9 de l&#039;information et au commerce \u00e9lectronique (LSSI-CE), vous informe des donn\u00e9es d&#039;identification relatives au site web&nbsp;<a href=\"https:\/\/jmc.homes\/fr\/\">www.jmc.homes<\/a>.<\/p>\n\n\n\n<p>NOM DE L&#039;ENTREPRISE\u00a0: JMC PROYECTOS INMOBILIARIOS, SLU.<\/p>\n\n\n\n<p>SIEGE SOCIAL : Plaza Porta de La Mar n\u00ba 6-3\u00aa 46004 Valence<\/p>\n\n\n\n<p>T\u00c9L\u00c9PHONE : +(34) 674 88 44 70<\/p>\n\n\n\n<p>CIF : B16848087<\/p>\n\n\n\n<p>ADRESSE E-MAIL G\u00c9N\u00c9RALE :&nbsp;<a href=\"mailto:info@jmc.homes\">info@jmc.homes<\/a>&nbsp;<\/p>\n\n\n\n<p>INFORMATIONS D&#039;INSCRIPTION AU REGISTRE DU COMMERCE : Registre du commerce de Valence\/VAL\u00c8NCIA T 11048, L 8326, F 83, S 8, HV 200281<\/p>\n\n\n\n<p><strong>CONDITIONS D&#039;UTILISATION&nbsp;<\/strong><\/p>\n\n\n\n<p><strong>UTILISATEURS<\/strong><\/p>\n\n\n\n<p>L\u2019acc\u00e8s \u00e0 ce portail de JMC PROYECTOS INMOBILIARIOS, SLU et\/ou son utilisation conf\u00e8rent le statut d\u2019UTILISATEUR, qui accepte, d\u00e8s cet acc\u00e8s et\/ou cette utilisation, les Conditions G\u00e9n\u00e9rales d\u2019Utilisation \u00e9nonc\u00e9es ci-apr\u00e8s. Ces Conditions s\u2019appliquent ind\u00e9pendamment de toutes autres Conditions G\u00e9n\u00e9rales de Contrat applicables.<\/p>\n\n\n\n<p><strong>UTILISATION DU WEB<\/strong><\/p>\n\n\n\n<p><a href=\"https:\/\/jmc.homes\/fr\/\">www.jmc.homes<\/a>&nbsp;Ce site web donne acc\u00e8s \u00e0 une multitude d&#039;informations, de services et de donn\u00e9es (ci-apr\u00e8s d\u00e9sign\u00e9s \u201c\u00a0le contenu\u00a0\u201d) disponibles sur Internet et appartenant \u00e0 JMC PROYECTOS INMOBILIARIOS, SLU. L&#039;utilisateur est responsable de l&#039;utilisation du site web, y compris de toute inscription n\u00e9cessaire pour acc\u00e9der \u00e0 certains services ou contenus.<\/p>\n\n\n\n<p>Lors de son inscription, l&#039;UTILISATEUR est responsable de fournir des informations exactes et conformes \u00e0 la loi. Suite \u00e0 cette inscription, un mot de passe pourra lui \u00eatre attribu\u00e9. L&#039;UTILISATEUR sera responsable de sa gestion et s&#039;engage \u00e0 l&#039;utiliser avec diligence et confidentialit\u00e9. L&#039;UTILISATEUR s&#039;engage \u00e0 faire un usage appropri\u00e9 du contenu et des services (tels que les services de chat, les forums de discussion ou les groupes de discussion) propos\u00e9s par JMC PROYECTOS INMOBILIARIOS, SLU via son portail et, notamment, s&#039;engage \u00e0 ne pas les utiliser pour\u00a0: (I) se livrer \u00e0 des activit\u00e9s illicites, ill\u00e9gales ou contraires \u00e0 la bonne foi et \u00e0 l&#039;ordre public\u00a0; (II) diffuser des contenus ou de la propagande \u00e0 caract\u00e8re raciste, x\u00e9nophobe, pornographique ou ill\u00e9gal, ou faisant l&#039;apologie du terrorisme ou portant atteinte aux droits de l&#039;homme. (III) Endommager les syst\u00e8mes physiques et logiques de JMC PROYECTOS INMOBILIARIOS, SLU, de ses fournisseurs ou de tiers, ou introduire ou propager des virus informatiques ou tout autre syst\u00e8me physique ou logique susceptible de causer les dommages susmentionn\u00e9s\u00a0; (IV) Tenter d\u2019acc\u00e9der aux comptes de messagerie d\u2019autres utilisateurs et, le cas \u00e9ch\u00e9ant, de les utiliser, et de modifier ou manipuler leurs messages. JMC PROYECTOS INMOBILIARIOS, SLU se r\u00e9serve le droit de supprimer tout commentaire ou contribution portant atteinte \u00e0 la dignit\u00e9 humaine, discriminatoire, x\u00e9nophobe, raciste, pornographique, pr\u00e9judiciable aux mineurs, mena\u00e7ant l\u2019ordre ou la s\u00e9curit\u00e9 publics, ou qu\u2019elle juge inappropri\u00e9 \u00e0 la publication. En tout \u00e9tat de cause, JMC PROYECTOS INMOBILIARIOS, SLU d\u00e9cline toute responsabilit\u00e9 quant aux opinions exprim\u00e9es par les utilisateurs sur les forums, les chats ou tout autre outil de participation.<\/p>\n\n\n\n<p><strong>PROPRI\u00c9T\u00c9 INTELLECTUELLE ET INDUSTRIELLE<\/strong><\/p>\n\n\n\n<p>JMC PROYECTOS INMOBILIARIOS, SLU, directement ou en tant que cessionnaire, d\u00e9tient tous les droits de propri\u00e9t\u00e9 intellectuelle et industrielle sur son site web, ainsi que sur les \u00e9l\u00e9ments qui y sont contenus (y compris, mais sans s&#039;y limiter, les images, les sons, les fichiers audio, les vid\u00e9os, les logiciels ou les textes ; les marques de commerce ou les logos, les combinaisons de couleurs, la structure et le design, la s\u00e9lection des mat\u00e9riaux utilis\u00e9s, les programmes informatiques n\u00e9cessaires \u00e0 son fonctionnement, \u00e0 son acc\u00e8s et \u00e0 son utilisation, etc.), appartenant \u00e0 JMC PROYECTOS INMOBILIARIOS, SLU ou \u00e0 ses conc\u00e9dants de licence.<\/p>\n\n\n\n<p><strong>Tous droits r\u00e9serv\u00e9s:<\/strong>&nbsp;Conform\u00e9ment aux articles 8 et 32.1, deuxi\u00e8me alin\u00e9a, de la loi relative \u00e0 la propri\u00e9t\u00e9 intellectuelle, la reproduction, la distribution et la communication au public, y compris la mise \u00e0 disposition, de tout ou partie du contenu de ce site web \u00e0 des fins commerciales, sur quelque support et par quelque moyen technique que ce soit, sont express\u00e9ment interdites sans l&#039;autorisation de JMC PROYECTOS INMOBILIARIOS, SLU. L&#039;utilisateur s&#039;engage \u00e0 respecter les droits de propri\u00e9t\u00e9 intellectuelle et industrielle d\u00e9tenus par JMC PROYECTOS INMOBILIARIOS, SLU. L&#039;utilisateur peut consulter les \u00e9l\u00e9ments du portail et m\u00eame les imprimer, les copier et les enregistrer sur le disque dur de son ordinateur ou sur tout autre support physique, \u00e0 condition que ce soit exclusivement pour son usage personnel et priv\u00e9. L&#039;utilisateur s&#039;engage \u00e0 ne pas supprimer, modifier, contourner ou manipuler tout dispositif de protection ou syst\u00e8me de s\u00e9curit\u00e9 install\u00e9 sur les pages de JMC PROYECTOS INMOBILIARIOS, SLU.<\/p>\n\n\n\n<p><strong>EXCLUSION DE GARANTIES ET DE RESPONSABILIT\u00c9<\/strong><\/p>\n\n\n\n<p>JMC PROYECTOS INMOBILIARIOS, SLU n&#039;est en aucun cas responsable des dommages de quelque nature que ce soit qui pourraient \u00eatre caus\u00e9s, y compris, mais sans s&#039;y limiter\u00a0: les erreurs ou omissions dans le contenu, l&#039;indisponibilit\u00e9 du portail ou la transmission de virus ou de programmes malveillants ou nuisibles dans le contenu, malgr\u00e9 l&#039;adoption de toutes les mesures technologiques n\u00e9cessaires pour l&#039;\u00e9viter.<\/p>\n\n\n\n<p><strong>MODIFICATIONS<\/strong><\/p>\n\n\n\n<p>JMC PROYECTOS INMOBILIARIOS, SLU se r\u00e9serve le droit d&#039;apporter \u00e0 son site web toute modification qu&#039;elle juge appropri\u00e9e sans pr\u00e9avis, et peut modifier, supprimer ou ajouter le contenu et les services fournis par son interm\u00e9diaire, ainsi que la mani\u00e8re dont ils sont pr\u00e9sent\u00e9s ou situ\u00e9s sur son site web.<\/p>\n\n\n\n<p><strong>LINKS<\/strong><\/p>\n\n\n\n<p>Dans le cas o\u00f9&nbsp;<a href=\"https:\/\/jmc.homes\/fr\/\">www.jmc.homes<\/a>&nbsp;Si des liens hypertextes vers d&#039;autres sites web sont fournis, JMC PROYECTOS INMOBILIARIOS, SLU n&#039;exercera aucun contr\u00f4le sur ces sites et leur contenu. En aucun cas, JMC PROYECTOS INMOBILIARIOS, SLU n&#039;assumera aucune responsabilit\u00e9 quant au contenu de tout lien appartenant \u00e0 un site web tiers, et ne garantit ni la disponibilit\u00e9 technique, ni la qualit\u00e9, ni la fiabilit\u00e9, ni l&#039;exactitude, ni l&#039;exhaustivit\u00e9, ni la v\u00e9racit\u00e9, ni la validit\u00e9, ni la l\u00e9galit\u00e9 des informations ou documents contenus dans ces liens hypertextes ou sur d&#039;autres sites web.<\/p>\n\n\n\n<p>De m\u00eame, l&#039;inclusion de ces liens externes n&#039;implique aucune association, fusion ou partenariat avec les entit\u00e9s li\u00e9es.<\/p>\n\n\n\n<p><strong>DROIT D&#039;EXCLUSION<\/strong><\/p>\n\n\n\n<p>JMC PROYECTOS INMOBILIARIOS, SLU se r\u00e9serve le droit de refuser ou de retirer l&#039;acc\u00e8s au portail et\/ou aux services propos\u00e9s sans pr\u00e9avis, \u00e0 sa propre demande ou \u00e0 la demande d&#039;un tiers, aux utilisateurs qui ne respectent pas les pr\u00e9sentes Conditions G\u00e9n\u00e9rales d&#039;Utilisation.<\/p>\n\n\n\n<p><strong>INFORMATIONS G\u00c9N\u00c9RALES<\/strong><\/p>\n\n\n\n<p>La soci\u00e9t\u00e9 JMC PROYECTOS INMOBILIARIOS, SLU poursuivra toute violation de ces conditions, ainsi que toute utilisation abusive de son portail, en exer\u00e7ant toutes les actions civiles et p\u00e9nales qui pourraient lui \u00eatre appropri\u00e9es en vertu de la loi.<\/p>\n\n\n\n<p><strong>MODIFICATION DES PR\u00c9SENTES CONDITIONS ET DE LA DUR\u00c9E<\/strong><\/p>\n\n\n\n<p>La soci\u00e9t\u00e9 JMC PROYECTOS INMOBILIARIOS, SLU peut modifier \u00e0 tout moment les conditions d\u00e9finies ici, et ces modifications seront d\u00fbment publi\u00e9es d\u00e8s leur apparition ici.<\/p>\n\n\n\n<p>La validit\u00e9 des conditions susmentionn\u00e9es d\u00e9pendra de leur publication et restera en vigueur jusqu&#039;\u00e0 ce qu&#039;elles soient modifi\u00e9es par d&#039;autres conditions d\u00fbment publi\u00e9es.&nbsp;<\/p>\n\n\n\n<p><strong>DROIT APPLICABLE ET JURIDICTION<\/strong>Les conditions g\u00e9n\u00e9rales d&#039;utilisation de ce site web, ainsi que toute relation contractuelle qui pourrait en d\u00e9couler, sont prot\u00e9g\u00e9es par le droit espagnol. En cas de litige, contentieux ou d\u00e9saccord entre l&#039;UTILISATEUR et JMC PROYECTOS INMOBILIARIOS, SLU concernant l&#039;utilisation de ce site web, les parties conviennent de se soumettre \u00e0 la comp\u00e9tence des tribunaux de Valence, en Espagne.<\/p>\n\n\n\n<p><em>Derni\u00e8re mise \u00e0 jour : 6 f\u00e9vrier 2023<\/em><\/p>","protected":false},"excerpt":{"rendered":"<p>Aviso Legal El hecho de acceder a este sitio web implica el conocimiento y aceptaci\u00f3n de los siguientes t\u00e9rminos y condiciones y atribuye la condici\u00f3n de usuario de la web y el acceso al mismo implica su aceptaci\u00f3n sin reservas. En caso de no aceptar las cl\u00e1usulas establecidas en el presente Aviso Legal, el usuario [&hellip;]<\/p>\n","protected":false},"author":1,"featured_media":0,"parent":0,"menu_order":0,"comment_status":"closed","ping_status":"closed","template":"","meta":{"_acf_changed":false,"footnotes":""},"class_list":["post-226","page","type-page","status-publish","hentry"],"acf":[],"yoast_head":"<!-- This site is optimized with the Yoast SEO plugin v27.2 - https:\/\/yoast.com\/product\/yoast-seo-wordpress\/ -->\n<title>Aviso Legal - JMC Homes<\/title>\n<meta name=\"robots\" content=\"index, follow, max-snippet:-1, max-image-preview:large, max-video-preview:-1\" \/>\n<link rel=\"canonical\" href=\"https:\/\/jmc.homes\/fr\/aviso-legal\/\" \/>\n<meta property=\"og:locale\" content=\"fr_FR\" \/>\n<meta property=\"og:type\" content=\"article\" \/>\n<meta property=\"og:title\" content=\"Aviso Legal - JMC Homes\" \/>\n<meta property=\"og:description\" content=\"Aviso Legal El hecho de acceder a este sitio web implica el conocimiento y aceptaci\u00f3n de los siguientes t\u00e9rminos y condiciones y atribuye la condici\u00f3n de usuario de la web y el acceso al mismo implica su aceptaci\u00f3n sin reservas. En caso de no aceptar las cl\u00e1usulas establecidas en el presente Aviso Legal, el usuario [&hellip;]\" \/>\n<meta property=\"og:url\" content=\"https:\/\/jmc.homes\/fr\/aviso-legal\/\" \/>\n<meta property=\"og:site_name\" content=\"JMC Homes\" \/>\n<meta property=\"article:publisher\" content=\"http:\/\/facebook.com\/jmc.tailored.projects\" \/>\n<meta property=\"og:image\" content=\"https:\/\/jmc.homes\/wp-content\/uploads\/2026\/03\/JMC-favicon.png\" \/>\n\t<meta property=\"og:image:width\" content=\"1200\" \/>\n\t<meta property=\"og:image:height\" content=\"1200\" \/>\n\t<meta property=\"og:image:type\" content=\"image\/png\" \/>\n<meta name=\"twitter:card\" content=\"summary_large_image\" \/>\n<meta name=\"twitter:label1\" content=\"Dur\u00e9e de lecture estim\u00e9e\" \/>\n\t<meta name=\"twitter:data1\" content=\"7 minutes\" \/>\n<script type=\"application\/ld+json\" class=\"yoast-schema-graph\">{\"@context\":\"https:\/\/schema.org\",\"@graph\":[{\"@type\":\"WebPage\",\"@id\":\"https:\/\/jmc.homes\/aviso-legal\/\",\"url\":\"https:\/\/jmc.homes\/aviso-legal\/\",\"name\":\"Aviso Legal - JMC Homes\",\"isPartOf\":{\"@id\":\"https:\/\/jmc.homes\/#website\"},\"datePublished\":\"2026-03-03T14:56:12+00:00\",\"breadcrumb\":{\"@id\":\"https:\/\/jmc.homes\/aviso-legal\/#breadcrumb\"},\"inLanguage\":\"fr-FR\",\"potentialAction\":[{\"@type\":\"ReadAction\",\"target\":[\"https:\/\/jmc.homes\/aviso-legal\/\"]}]},{\"@type\":\"BreadcrumbList\",\"@id\":\"https:\/\/jmc.homes\/aviso-legal\/#breadcrumb\",\"itemListElement\":[{\"@type\":\"ListItem\",\"position\":1,\"name\":\"Portada\",\"item\":\"https:\/\/jmc.homes\/\"},{\"@type\":\"ListItem\",\"position\":2,\"name\":\"Aviso Legal\"}]},{\"@type\":\"WebSite\",\"@id\":\"https:\/\/jmc.homes\/#website\",\"url\":\"https:\/\/jmc.homes\/\",\"name\":\"JMC Homes\",\"description\":\"Un estilo de vida: exclusividad,  dise\u00f1o y confianza en cada detalle.\",\"publisher\":{\"@id\":\"https:\/\/jmc.homes\/#organization\"},\"potentialAction\":[{\"@type\":\"SearchAction\",\"target\":{\"@type\":\"EntryPoint\",\"urlTemplate\":\"https:\/\/jmc.homes\/?s={search_term_string}\"},\"query-input\":{\"@type\":\"PropertyValueSpecification\",\"valueRequired\":true,\"valueName\":\"search_term_string\"}}],\"inLanguage\":\"fr-FR\"},{\"@type\":\"Organization\",\"@id\":\"https:\/\/jmc.homes\/#organization\",\"name\":\"JMC Homes\",\"url\":\"https:\/\/jmc.homes\/\",\"logo\":{\"@type\":\"ImageObject\",\"inLanguage\":\"fr-FR\",\"@id\":\"https:\/\/jmc.homes\/#\/schema\/logo\/image\/\",\"url\":\"https:\/\/jmc.homes\/wp-content\/uploads\/2026\/03\/cropped-JMC-favicon.png\",\"contentUrl\":\"https:\/\/jmc.homes\/wp-content\/uploads\/2026\/03\/cropped-JMC-favicon.png\",\"width\":512,\"height\":512,\"caption\":\"JMC Homes\"},\"image\":{\"@id\":\"https:\/\/jmc.homes\/#\/schema\/logo\/image\/\"},\"sameAs\":[\"http:\/\/facebook.com\/jmc.tailored.projects\",\"https:\/\/www.instagram.com\/jmc_homes\/\",\"https:\/\/www.linkedin.com\/company\/jmchomes\/\"]}]}<\/script>\n<!-- \/ Yoast SEO plugin. -->","yoast_head_json":{"title":"Aviso Legal - JMC Homes","robots":{"index":"index","follow":"follow","max-snippet":"max-snippet:-1","max-image-preview":"max-image-preview:large","max-video-preview":"max-video-preview:-1"},"canonical":"https:\/\/jmc.homes\/fr\/aviso-legal\/","og_locale":"fr_FR","og_type":"article","og_title":"Aviso Legal - JMC Homes","og_description":"Aviso Legal El hecho de acceder a este sitio web implica el conocimiento y aceptaci\u00f3n de los siguientes t\u00e9rminos y condiciones y atribuye la condici\u00f3n de usuario de la web y el acceso al mismo implica su aceptaci\u00f3n sin reservas. En caso de no aceptar las cl\u00e1usulas establecidas en el presente Aviso Legal, el usuario [&hellip;]","og_url":"https:\/\/jmc.homes\/fr\/aviso-legal\/","og_site_name":"JMC Homes","article_publisher":"http:\/\/facebook.com\/jmc.tailored.projects","og_image":[{"width":1200,"height":1200,"url":"https:\/\/jmc.homes\/wp-content\/uploads\/2026\/03\/JMC-favicon.png","type":"image\/png"}],"twitter_card":"summary_large_image","twitter_misc":{"Dur\u00e9e de lecture estim\u00e9e":"7 minutes"},"schema":{"@context":"https:\/\/schema.org","@graph":[{"@type":"WebPage","@id":"https:\/\/jmc.homes\/aviso-legal\/","url":"https:\/\/jmc.homes\/aviso-legal\/","name":"Aviso Legal - JMC Homes","isPartOf":{"@id":"https:\/\/jmc.homes\/#website"},"datePublished":"2026-03-03T14:56:12+00:00","breadcrumb":{"@id":"https:\/\/jmc.homes\/aviso-legal\/#breadcrumb"},"inLanguage":"fr-FR","potentialAction":[{"@type":"ReadAction","target":["https:\/\/jmc.homes\/aviso-legal\/"]}]},{"@type":"BreadcrumbList","@id":"https:\/\/jmc.homes\/aviso-legal\/#breadcrumb","itemListElement":[{"@type":"ListItem","position":1,"name":"Portada","item":"https:\/\/jmc.homes\/"},{"@type":"ListItem","position":2,"name":"Aviso Legal"}]},{"@type":"WebSite","@id":"https:\/\/jmc.homes\/#website","url":"https:\/\/jmc.homes\/","name":"JMC Homes","description":"Un style de vie : exclusivit\u00e9, design et confiance dans les moindres d\u00e9tails.","publisher":{"@id":"https:\/\/jmc.homes\/#organization"},"potentialAction":[{"@type":"SearchAction","target":{"@type":"EntryPoint","urlTemplate":"https:\/\/jmc.homes\/?s={search_term_string}"},"query-input":{"@type":"PropertyValueSpecification","valueRequired":true,"valueName":"search_term_string"}}],"inLanguage":"fr-FR"},{"@type":"Organization","@id":"https:\/\/jmc.homes\/#organization","name":"JMC Homes","url":"https:\/\/jmc.homes\/","logo":{"@type":"ImageObject","inLanguage":"fr-FR","@id":"https:\/\/jmc.homes\/#\/schema\/logo\/image\/","url":"https:\/\/jmc.homes\/wp-content\/uploads\/2026\/03\/cropped-JMC-favicon.png","contentUrl":"https:\/\/jmc.homes\/wp-content\/uploads\/2026\/03\/cropped-JMC-favicon.png","width":512,"height":512,"caption":"JMC Homes"},"image":{"@id":"https:\/\/jmc.homes\/#\/schema\/logo\/image\/"},"sameAs":["http:\/\/facebook.com\/jmc.tailored.projects","https:\/\/www.instagram.com\/jmc_homes\/","https:\/\/www.linkedin.com\/company\/jmchomes\/"]}]}},"_links":{"self":[{"href":"https:\/\/jmc.homes\/fr\/wp-json\/wp\/v2\/pages\/226","targetHints":{"allow":["GET"]}}],"collection":[{"href":"https:\/\/jmc.homes\/fr\/wp-json\/wp\/v2\/pages"}],"about":[{"href":"https:\/\/jmc.homes\/fr\/wp-json\/wp\/v2\/types\/page"}],"author":[{"embeddable":true,"href":"https:\/\/jmc.homes\/fr\/wp-json\/wp\/v2\/users\/1"}],"replies":[{"embeddable":true,"href":"https:\/\/jmc.homes\/fr\/wp-json\/wp\/v2\/comments?post=226"}],"version-history":[{"count":1,"href":"https:\/\/jmc.homes\/fr\/wp-json\/wp\/v2\/pages\/226\/revisions"}],"predecessor-version":[{"id":227,"href":"https:\/\/jmc.homes\/fr\/wp-json\/wp\/v2\/pages\/226\/revisions\/227"}],"wp:attachment":[{"href":"https:\/\/jmc.homes\/fr\/wp-json\/wp\/v2\/media?parent=226"}],"curies":[{"name":"wp","href":"https:\/\/api.w.org\/{rel}","templated":true}]}}