{"id":230,"date":"2026-03-03T14:57:11","date_gmt":"2026-03-03T14:57:11","guid":{"rendered":"https:\/\/jmc.homes\/new\/?page_id=230"},"modified":"2026-03-03T14:57:12","modified_gmt":"2026-03-03T14:57:12","slug":"politica-de-cookies","status":"publish","type":"page","link":"https:\/\/jmc.homes\/en\/politica-de-cookies\/","title":{"rendered":"Cookies Policy"},"content":{"rendered":"<h1 class=\"wp-block-heading\">Use of Cookies<\/h1>\n\n\n\n<p>Through this website notice&nbsp;<a href=\"https:\/\/jmc.homes\/en\/\">www.jmc.homes<\/a>&nbsp;JMC PROYECTOS INMOBILIARIOS, SLU, with CIF B16848087, informs you of its cookie policy, thus complying with the provisions of article 22.2 of Law 34\/2002, of July 11, on Information Society Services and Electronic Commerce.<\/p>\n\n\n\n<p><strong>What is a cookie?<\/strong><\/p>\n\n\n\n<p>Cookies are files that are downloaded to the user&#039;s device (computer\/smartphone\/tablet) when accessing certain websites and are stored in its memory. Cookies allow, among other things, the storage and retrieval of information about a user&#039;s browsing habits or their device, such as which pages are visited, connection time, and analysis of a page&#039;s performance, including any technical problems. Depending on the information they contain and how the device is used, they can be used to recognize the user.<\/p>\n\n\n\n<p><strong>What types of cookies exist?<\/strong><\/p>\n\n\n\n<p>There are several types of cookies depending on different criteria:&nbsp;<\/p>\n\n\n\n<p><strong>Depending on ownership:<\/strong><\/p>\n\n\n\n<p>\u2022 First-party cookies: These are cookies that belong to the owner of the website.<\/p>\n\n\n\n<p>\u2022 Third-party cookies: These are those owned by a third party, other than the website owner, who will process the collected information.&nbsp;<\/p>\n\n\n\n<p><strong>Depending on its purpose:<\/strong><\/p>\n\n\n\n<p>\u2022 Technical cookies: These are cookies that allow the user to navigate through a website, platform or application and use the different options or services that exist on it, including those that the publisher uses to allow the management and operation of the website and enable its functions and services, such as, for example, controlling traffic and data communication, identifying the session, accessing restricted areas, remembering the items that make up an order, carrying out the purchase process of an order, managing payment, controlling fraud related to the security of the service, making the request for registration or participation in an event, counting visits for the purposes of billing licenses of the software with which the service (website, platform or application) works, using security elements during navigation, storing content for the dissemination of videos or sound, enabling dynamic content (for example, animation of loading a text or image) or sharing content through social networks.<\/p>\n\n\n\n<p>Also belonging to this category, due to their technical nature, are those cookies that allow for the most efficient management of advertising spaces. These spaces, as an integral part of the design or layout of the service offered to the user, are included by the publisher on a website, application, or platform based on criteria such as the content displayed, without collecting user information for other purposes, such as personalizing advertising or other content. Technical cookies are exempt from the obligations established in Article 22.2 of the LSSI (Spanish Law on Information Society Services and Electronic Commerce) when they enable the provision of the service requested by the user, as is the case with the cookies listed in the preceding paragraphs. However, if these cookies are also used for purposes that are not exempt (for example, behavioral advertising), they will be subject to these obligations.<\/p>\n\n\n\n<p>\u2022 Preference or personalization cookies: these are those that allow information to be remembered so that the user can access the service with certain characteristics that may differentiate their experience from that of other users, such as, for example, the language, the number of results to show when the user performs a search, the appearance or content of the service depending on the type of browser through which the user accesses the service or the region from which they access the service, etc.<\/p>\n\n\n\n<p>If the user chooses these characteristics themselves (for example, if they select the language of a website by clicking on the flag icon of the corresponding country), cookies will be exempt from the obligations of article 22.2 of the LSSI because they are considered a service expressly requested by the user, and this is provided that the cookies obey exclusively the selected purpose.<\/p>\n\n\n\n<p>\u2022 Analytics or measurement cookies: These cookies allow the party responsible for them to track and analyze the behavior of users on the websites to which they are linked, including quantifying the impact of advertisements. The information collected through these cookies is used to measure the activity of the websites, applications, or platforms, in order to introduce improvements based on the analysis of user data.&nbsp;<\/p>\n\n\n\n<p>Regarding the processing of data collected through analytics cookies, although they are not exempt from the obligation to obtain informed consent for their use, they are unlikely to pose a risk to user privacy provided they are first-party cookies, process aggregated data for a strictly statistical purpose, provide information about their uses, and include the possibility for users to opt out of their use.<\/p>\n\n\n\n<p>\u2022 Behavioral advertising cookies: These are cookies that store information about user behavior obtained through continuous observation of their browsing habits, allowing the development of a specific profile to display advertising based on this.<\/p>\n\n\n\n<p><strong>Depending on the length of time they remain activated on the terminal equipment, we can distinguish:<\/strong><\/p>\n\n\n\n<p>\u2022 Session cookies: These are designed to collect and store data while the user accesses a website. They are typically used to store information that is only needed to provide the service requested by the user on a single occasion (for example, a list of purchased products) and disappear when the session ends.<\/p>\n\n\n\n<p>\u2022 Persistent cookies: These are cookies in which the data remains stored on the terminal and can be accessed and processed for a period defined by the cookie owner, which can range from a few minutes to several years.<\/p>\n\n\n\n<p><strong>What is a cookie used for?<\/strong><\/p>\n\n\n\n<p>Cookies are used to provide you with personalized services and\/or advertising, to analyze system performance, to recognize you when you log in as a user, to locate and resolve any issues or problems as quickly as possible, and to analyze and measure website usage and activity.<\/p>\n\n\n\n<p><strong>Is my consent required to place a cookie?<\/strong><\/p>\n\n\n\n<p>Consent is not required for the installation of technical cookies or those that are strictly necessary for the provision of an information society service expressly requested by the recipient.&nbsp;<\/p>\n\n\n\n<p>For all other cookies, the user&#039;s consent is required and can be requested through various means. Regarding this website, consent will be considered granted if you continue using the website, without prejudice to your right to revoke it and disable cookies at any time.<\/p>\n\n\n\n<p><strong>What cookies are currently used on this website? Who uses those cookies?<\/strong><\/p>\n\n\n\n<p>SESSION OR PERSISTENT COOKIES: These are FIRST-PARTY, session, identification, configuration, and registration cookies, strictly necessary for user identification and for providing the services requested by the user. The information obtained through these cookies is processed solely by the website owner.<\/p>\n\n\n\n<p>NOTE: This list will be updated as quickly as possible. However, in exceptional cases, during the update process, some cookies may be temporarily omitted. In any case, these will always be cookies with purposes identical to those registered in this list.<\/p>\n\n\n\n<p>These tools do not collect users&#039; personal data or postal addresses. The information they collect relates to the number of pages visited, language, the city associated with the IP address from which users access the site, the number of users who visit us, the frequency and recurrence of visits, visit duration, the browser used, and the operator or type of device used to access the site.<\/p>\n\n\n\n<p><strong>Details of our own cookies<\/strong><\/p>\n\n\n\n<figure class=\"wp-block-table\"><table class=\"has-fixed-layout\"><tbody><tr><td><strong>Cookie<\/strong><\/td><td><strong>Domain<\/strong><\/td><td><strong>Expiration<\/strong><\/td><td><strong>Description<\/strong><\/td><\/tr><tr><td>moove_gdpr_popup<\/td><td>jmc.homes<\/td><td>1 year<\/td><td>Cookie acceptance control<\/td><\/tr><\/tbody><\/table><\/figure>\n\n\n\n<p><strong>Details of third-party cookies<\/strong><\/p>\n\n\n\n<p>None<\/p>\n\n\n\n<p><strong>How to disable cookies in your browser?<\/strong><\/p>\n\n\n\n<p>Most browsers currently allow users to configure whether they want to accept cookies and which ones. These settings are usually found in the &#039;Options&#039; or &#039;Preferences&#039; menu of your browser.<\/p>\n\n\n\n<p>These are the instructions for configuring cookies in the main browsers:<\/p>\n\n\n\n<p>Chrome: Settings -&gt; Show advanced settings -&gt; Privacy -&gt; Content settings. For more information, you can consult Google support or the browser&#039;s Help (<a href=\"http:\/\/support.google.com\/chrome\/?hl=es\">http:\/\/support.google.com\/chrome\/?hl=es<\/a>)<\/p>\n\n\n\n<p>Firefox: Tools -&gt; Options -&gt; Privacy -&gt; History -&gt; Custom Settings. For more information, you can consult Mozilla support or the browser&#039;s Help.<a href=\"http:\/\/support.mozilla.org\/es\/home\">http:\/\/support.mozilla.org\/es\/home<\/a>)<\/p>\n\n\n\n<p>Internet Explorer: Tools -&gt; Internet Options -&gt; Privacy -&gt; Settings. For more information, you can consult Microsoft support or the browser&#039;s Help.<a href=\"http:\/\/windows.microsoft.com\/es-ES\/windows\/support\">http:\/\/windows.microsoft.com\/es-ES\/windows\/support<\/a>)<\/p>\n\n\n\n<p>Safari: Preferences -&gt; Security. For more information, you can consult Apple Support or the browser&#039;s Help.<a href=\"http:\/\/www.apple.com\/es\/support\/safari\/\">http:\/\/www.apple.com\/es\/support\/safari\/<\/a>)<\/p>\n\n\n\n<p><strong>Is there a transfer of data obtained through cookies?<\/strong><\/p>\n\n\n\n<p>In our case there is no transfer.<\/p>\n\n\n\n<p><strong>How long will the information obtained be kept?<\/strong><\/p>\n\n\n\n<p>Only what is necessary for the purpose for which it was obtained.&nbsp;<\/p>\n\n\n\n<p><strong>Consent of minors under 14 years of age.<\/strong><\/p>\n\n\n\n<p>Our website is not intended for users under the age of 14. If you wish to use our services online and are 14 years old or younger, we will need your parent or guardian to read our policy and consent to the use of your data on your behalf.<\/p>\n\n\n\n<p><em>Last Updated: March 21, 2023<\/em><\/p>","protected":false},"excerpt":{"rendered":"<p>Uso de Cookies Mediante el presente aviso de la web&nbsp;www.jmc.homes&nbsp;con titular JMC PROYECTOS INMOBILIARIOS, S.L.U., con C.I.F. B16848087, le informa de su pol\u00edtica de cookies, cumpliendo as\u00ed con lo previsto en el art\u00edculo 22.2 de la Ley 34\/2002, de 11 de julio de Servicios de la Sociedad de la Informaci\u00f3n y de Comercio Electr\u00f3nico. \u00bfQu\u00e9 [&hellip;]<\/p>\n","protected":false},"author":1,"featured_media":0,"parent":0,"menu_order":0,"comment_status":"closed","ping_status":"closed","template":"","meta":{"_acf_changed":false,"footnotes":""},"class_list":["post-230","page","type-page","status-publish","hentry"],"acf":[],"yoast_head":"<!-- This site is optimized with the Yoast SEO plugin v27.2 - https:\/\/yoast.com\/product\/yoast-seo-wordpress\/ -->\n<title>Pol\u00edtica de Cookies - JMC Homes<\/title>\n<meta name=\"robots\" content=\"index, follow, max-snippet:-1, max-image-preview:large, max-video-preview:-1\" \/>\n<link rel=\"canonical\" href=\"https:\/\/jmc.homes\/en\/politica-de-cookies\/\" \/>\n<meta property=\"og:locale\" content=\"en_GB\" \/>\n<meta property=\"og:type\" content=\"article\" \/>\n<meta property=\"og:title\" content=\"Pol\u00edtica de Cookies - JMC Homes\" \/>\n<meta property=\"og:description\" content=\"Uso de Cookies Mediante el presente aviso de la web&nbsp;www.jmc.homes&nbsp;con titular JMC PROYECTOS INMOBILIARIOS, S.L.U., con C.I.F. B16848087, le informa de su pol\u00edtica de cookies, cumpliendo as\u00ed con lo previsto en el art\u00edculo 22.2 de la Ley 34\/2002, de 11 de julio de Servicios de la Sociedad de la Informaci\u00f3n y de Comercio Electr\u00f3nico. \u00bfQu\u00e9 [&hellip;]\" \/>\n<meta property=\"og:url\" content=\"https:\/\/jmc.homes\/en\/politica-de-cookies\/\" \/>\n<meta property=\"og:site_name\" content=\"JMC Homes\" \/>\n<meta property=\"article:publisher\" content=\"http:\/\/facebook.com\/jmc.tailored.projects\" \/>\n<meta property=\"article:modified_time\" content=\"2026-03-03T14:57:12+00:00\" \/>\n<meta property=\"og:image\" content=\"https:\/\/jmc.homes\/wp-content\/uploads\/2026\/03\/JMC-favicon.png\" \/>\n\t<meta property=\"og:image:width\" content=\"1200\" \/>\n\t<meta property=\"og:image:height\" content=\"1200\" \/>\n\t<meta property=\"og:image:type\" content=\"image\/png\" \/>\n<meta name=\"twitter:card\" content=\"summary_large_image\" \/>\n<meta name=\"twitter:label1\" content=\"Estimated reading time\" \/>\n\t<meta name=\"twitter:data1\" content=\"9 minutes\" \/>\n<script type=\"application\/ld+json\" class=\"yoast-schema-graph\">{\"@context\":\"https:\/\/schema.org\",\"@graph\":[{\"@type\":\"WebPage\",\"@id\":\"https:\/\/jmc.homes\/politica-de-cookies\/\",\"url\":\"https:\/\/jmc.homes\/politica-de-cookies\/\",\"name\":\"Pol\u00edtica de Cookies - JMC Homes\",\"isPartOf\":{\"@id\":\"https:\/\/jmc.homes\/#website\"},\"datePublished\":\"2026-03-03T14:57:11+00:00\",\"dateModified\":\"2026-03-03T14:57:12+00:00\",\"breadcrumb\":{\"@id\":\"https:\/\/jmc.homes\/politica-de-cookies\/#breadcrumb\"},\"inLanguage\":\"en-GB\",\"potentialAction\":[{\"@type\":\"ReadAction\",\"target\":[\"https:\/\/jmc.homes\/politica-de-cookies\/\"]}]},{\"@type\":\"BreadcrumbList\",\"@id\":\"https:\/\/jmc.homes\/politica-de-cookies\/#breadcrumb\",\"itemListElement\":[{\"@type\":\"ListItem\",\"position\":1,\"name\":\"Portada\",\"item\":\"https:\/\/jmc.homes\/\"},{\"@type\":\"ListItem\",\"position\":2,\"name\":\"Pol\u00edtica de Cookies\"}]},{\"@type\":\"WebSite\",\"@id\":\"https:\/\/jmc.homes\/#website\",\"url\":\"https:\/\/jmc.homes\/\",\"name\":\"JMC Homes\",\"description\":\"Un estilo de vida: exclusividad,  dise\u00f1o y confianza en cada detalle.\",\"publisher\":{\"@id\":\"https:\/\/jmc.homes\/#organization\"},\"potentialAction\":[{\"@type\":\"SearchAction\",\"target\":{\"@type\":\"EntryPoint\",\"urlTemplate\":\"https:\/\/jmc.homes\/?s={search_term_string}\"},\"query-input\":{\"@type\":\"PropertyValueSpecification\",\"valueRequired\":true,\"valueName\":\"search_term_string\"}}],\"inLanguage\":\"en-GB\"},{\"@type\":\"Organization\",\"@id\":\"https:\/\/jmc.homes\/#organization\",\"name\":\"JMC Homes\",\"url\":\"https:\/\/jmc.homes\/\",\"logo\":{\"@type\":\"ImageObject\",\"inLanguage\":\"en-GB\",\"@id\":\"https:\/\/jmc.homes\/#\/schema\/logo\/image\/\",\"url\":\"https:\/\/jmc.homes\/wp-content\/uploads\/2026\/03\/cropped-JMC-favicon.png\",\"contentUrl\":\"https:\/\/jmc.homes\/wp-content\/uploads\/2026\/03\/cropped-JMC-favicon.png\",\"width\":512,\"height\":512,\"caption\":\"JMC Homes\"},\"image\":{\"@id\":\"https:\/\/jmc.homes\/#\/schema\/logo\/image\/\"},\"sameAs\":[\"http:\/\/facebook.com\/jmc.tailored.projects\",\"https:\/\/www.instagram.com\/jmc_homes\/\",\"https:\/\/www.linkedin.com\/company\/jmchomes\/\"]}]}<\/script>\n<!-- \/ Yoast SEO plugin. -->","yoast_head_json":{"title":"Pol\u00edtica de Cookies - JMC Homes","robots":{"index":"index","follow":"follow","max-snippet":"max-snippet:-1","max-image-preview":"max-image-preview:large","max-video-preview":"max-video-preview:-1"},"canonical":"https:\/\/jmc.homes\/en\/politica-de-cookies\/","og_locale":"en_GB","og_type":"article","og_title":"Pol\u00edtica de Cookies - JMC Homes","og_description":"Uso de Cookies Mediante el presente aviso de la web&nbsp;www.jmc.homes&nbsp;con titular JMC PROYECTOS INMOBILIARIOS, S.L.U., con C.I.F. B16848087, le informa de su pol\u00edtica de cookies, cumpliendo as\u00ed con lo previsto en el art\u00edculo 22.2 de la Ley 34\/2002, de 11 de julio de Servicios de la Sociedad de la Informaci\u00f3n y de Comercio Electr\u00f3nico. \u00bfQu\u00e9 [&hellip;]","og_url":"https:\/\/jmc.homes\/en\/politica-de-cookies\/","og_site_name":"JMC Homes","article_publisher":"http:\/\/facebook.com\/jmc.tailored.projects","article_modified_time":"2026-03-03T14:57:12+00:00","og_image":[{"width":1200,"height":1200,"url":"https:\/\/jmc.homes\/wp-content\/uploads\/2026\/03\/JMC-favicon.png","type":"image\/png"}],"twitter_card":"summary_large_image","twitter_misc":{"Estimated reading time":"9 minutes"},"schema":{"@context":"https:\/\/schema.org","@graph":[{"@type":"WebPage","@id":"https:\/\/jmc.homes\/politica-de-cookies\/","url":"https:\/\/jmc.homes\/politica-de-cookies\/","name":"Pol\u00edtica de Cookies - JMC Homes","isPartOf":{"@id":"https:\/\/jmc.homes\/#website"},"datePublished":"2026-03-03T14:57:11+00:00","dateModified":"2026-03-03T14:57:12+00:00","breadcrumb":{"@id":"https:\/\/jmc.homes\/politica-de-cookies\/#breadcrumb"},"inLanguage":"en-GB","potentialAction":[{"@type":"ReadAction","target":["https:\/\/jmc.homes\/politica-de-cookies\/"]}]},{"@type":"BreadcrumbList","@id":"https:\/\/jmc.homes\/politica-de-cookies\/#breadcrumb","itemListElement":[{"@type":"ListItem","position":1,"name":"Portada","item":"https:\/\/jmc.homes\/"},{"@type":"ListItem","position":2,"name":"Pol\u00edtica de Cookies"}]},{"@type":"WebSite","@id":"https:\/\/jmc.homes\/#website","url":"https:\/\/jmc.homes\/","name":"JMC Homes","description":"Un estilo de vida: exclusividad,  dise\u00f1o y confianza en cada detalle.","publisher":{"@id":"https:\/\/jmc.homes\/#organization"},"potentialAction":[{"@type":"SearchAction","target":{"@type":"EntryPoint","urlTemplate":"https:\/\/jmc.homes\/?s={search_term_string}"},"query-input":{"@type":"PropertyValueSpecification","valueRequired":true,"valueName":"search_term_string"}}],"inLanguage":"en-GB"},{"@type":"Organization","@id":"https:\/\/jmc.homes\/#organization","name":"JMC Homes","url":"https:\/\/jmc.homes\/","logo":{"@type":"ImageObject","inLanguage":"en-GB","@id":"https:\/\/jmc.homes\/#\/schema\/logo\/image\/","url":"https:\/\/jmc.homes\/wp-content\/uploads\/2026\/03\/cropped-JMC-favicon.png","contentUrl":"https:\/\/jmc.homes\/wp-content\/uploads\/2026\/03\/cropped-JMC-favicon.png","width":512,"height":512,"caption":"JMC Homes"},"image":{"@id":"https:\/\/jmc.homes\/#\/schema\/logo\/image\/"},"sameAs":["http:\/\/facebook.com\/jmc.tailored.projects","https:\/\/www.instagram.com\/jmc_homes\/","https:\/\/www.linkedin.com\/company\/jmchomes\/"]}]}},"_links":{"self":[{"href":"https:\/\/jmc.homes\/en\/wp-json\/wp\/v2\/pages\/230","targetHints":{"allow":["GET"]}}],"collection":[{"href":"https:\/\/jmc.homes\/en\/wp-json\/wp\/v2\/pages"}],"about":[{"href":"https:\/\/jmc.homes\/en\/wp-json\/wp\/v2\/types\/page"}],"author":[{"embeddable":true,"href":"https:\/\/jmc.homes\/en\/wp-json\/wp\/v2\/users\/1"}],"replies":[{"embeddable":true,"href":"https:\/\/jmc.homes\/en\/wp-json\/wp\/v2\/comments?post=230"}],"version-history":[{"count":1,"href":"https:\/\/jmc.homes\/en\/wp-json\/wp\/v2\/pages\/230\/revisions"}],"predecessor-version":[{"id":231,"href":"https:\/\/jmc.homes\/en\/wp-json\/wp\/v2\/pages\/230\/revisions\/231"}],"wp:attachment":[{"href":"https:\/\/jmc.homes\/en\/wp-json\/wp\/v2\/media?parent=230"}],"curies":[{"name":"wp","href":"https:\/\/api.w.org\/{rel}","templated":true}]}}