{"id":226,"date":"2026-03-03T14:56:12","date_gmt":"2026-03-03T14:56:12","guid":{"rendered":"https:\/\/jmc.homes\/new\/?page_id=226"},"modified":"2026-03-03T14:56:12","modified_gmt":"2026-03-03T14:56:12","slug":"aviso-legal","status":"publish","type":"page","link":"https:\/\/jmc.homes\/en\/aviso-legal\/","title":{"rendered":"Legal Notice"},"content":{"rendered":"<h1 class=\"wp-block-heading\">Legal Notice<\/h1>\n\n\n\n<p>Accessing this website implies knowledge and acceptance of the following terms and conditions and confers the status of website user, and access to the site implies acceptance of these terms without reservation. If you do not accept the clauses established in this Legal Notice, you must refrain from accessing and\/or using the services and\/or content made available on the website and leave the site.<\/p>\n\n\n\n<p><strong>WEBSITE OWNERSHIP<\/strong><\/p>\n\n\n\n<p>JMC PROYECTOS INMOBILIARIOS, SLU, in compliance with the provisions of Article 10 of Law 34\/2002, of July 11, on Information Society Services and Electronic Commerce (LSSI-CE), informs you of the identifying data relating to the website&nbsp;<a href=\"https:\/\/jmc.homes\/en\/\">www.jmc.homes<\/a>.<\/p>\n\n\n\n<p>COMPANY NAME: JMC PROYECTOS INMOBILIARIOS, SLU.<\/p>\n\n\n\n<p>REGISTERED ADDRESS: Plaza Porta de La Mar n\u00ba 6-3\u00aa 46004 Valencia<\/p>\n\n\n\n<p>TELEPHONE: +(34) 674 88 44 70<\/p>\n\n\n\n<p>CIF: B16848087<\/p>\n\n\n\n<p>GENERAL EMAIL ADDRESS:&nbsp;<a href=\"mailto:info@jmc.homes\">info@jmc.homes<\/a>&nbsp;<\/p>\n\n\n\n<p>REGISTRATION DETAILS IN THE COMMERCIAL REGISTER: Commercial Register of VALENCIA\/VAL\u00c8NCIA T 11048, L 8326,F 83, S 8, HV 200281<\/p>\n\n\n\n<p><strong>TERMS OF USE&nbsp;<\/strong><\/p>\n\n\n\n<p><strong>USERS<\/strong><\/p>\n\n\n\n<p>Access to and\/or use of this portal of JMC PROYECTOS INMOBILIARIOS, SLU confers the status of USER, who accepts, from the moment of such access and\/or use, the General Terms of Use set forth herein. These Terms shall apply regardless of any applicable General Terms of Contract.<\/p>\n\n\n\n<p><strong>WEB USE<\/strong><\/p>\n\n\n\n<p><a href=\"https:\/\/jmc.homes\/en\/\">www.jmc.homes<\/a>&nbsp;This website provides access to a multitude of information, services, or data (hereinafter, &quot;the content&quot;) on the Internet belonging to JMC PROYECTOS INMOBILIARIOS, SLU, which the USER may access. The USER assumes responsibility for the use of the website. This responsibility extends to any registration that may be necessary to access certain services or content.<\/p>\n\n\n\n<p>During registration, the USER is responsible for providing truthful and lawful information. As a result of this registration, the USER may be provided with a password for which they will be responsible, undertaking to use it diligently and confidentially. The USER agrees to make appropriate use of the content and services (such as chat services, discussion forums, or newsgroups) that JMC PROYECTOS INMOBILIARIOS, SLU offers through its portal and, by way of example but not limitation, agrees not to use them to (I) engage in illicit, illegal, or activities contrary to good faith and public order; (II) disseminate content or propaganda of a racist, xenophobic, pornographic, or illegal nature, or that constitutes an apology for terrorism or an attack on human rights; (III) To cause damage to the physical and logical systems of JMC PROYECTOS INMOBILIARIOS, SLU, its suppliers, or third parties, or to introduce or spread computer viruses or any other physical or logical systems that could cause the aforementioned damage; (IV) To attempt to access and, where applicable, use the email accounts of other users and modify or manipulate their messages. JMC PROYECTOS INMOBILIARIOS, SLU reserves the right to remove any comments and contributions that violate respect for human dignity, are discriminatory, xenophobic, racist, pornographic, harmful to minors, or that threaten public order or safety, or that, in its opinion, are not suitable for publication. In any case, JMC PROYECTOS INMOBILIARIOS, SLU will not be responsible for the opinions expressed by users through forums, chats, or other participation tools.<\/p>\n\n\n\n<p><strong>INTELLECTUAL AND INDUSTRIAL PROPERTY<\/strong><\/p>\n\n\n\n<p>JMC PROYECTOS INMOBILIARIOS, SLU, either directly or as an assignee, owns all intellectual and industrial property rights to its website, as well as the elements contained therein (including, but not limited to, images, sound, audio, video, software or texts; trademarks or logos, color combinations, structure and design, selection of materials used, computer programs necessary for its operation, access and use, etc.), owned by JMC PROYECTOS INMOBILIARIOS, SLU or its licensors.<\/p>\n\n\n\n<p><strong>All rights reserved:<\/strong>&nbsp;Pursuant to Articles 8 and 32.1, second paragraph, of the Intellectual Property Law, the reproduction, distribution, and public communication, including making available, of all or part of the content of this website for commercial purposes, in any medium and by any technical means, is expressly prohibited without the authorization of JMC PROYECTOS INMOBILIARIOS, SLU. The USER agrees to respect the Intellectual and Industrial Property rights held by JMC PROYECTOS INMOBILIARIOS, SLU. The USER may view the elements of the portal and even print, copy, and store them on their computer&#039;s hard drive or any other physical medium, provided that this is solely and exclusively for their personal and private use. The USER must refrain from deleting, altering, circumventing, or manipulating any protection device or security system installed on the pages of JMC PROYECTOS INMOBILIARIOS, SLU.<\/p>\n\n\n\n<p><strong>EXCLUSION OF WARRANTIES AND LIABILITY<\/strong><\/p>\n\n\n\n<p>JMC PROYECTOS INMOBILIARIOS, SLU is not responsible, under any circumstances, for damages of any kind that may be caused, including but not limited to: errors or omissions in the content, lack of availability of the portal or the transmission of viruses or malicious or harmful programs in the content, despite having adopted all the necessary technological measures to avoid it.<\/p>\n\n\n\n<p><strong>MODIFICATIONS<\/strong><\/p>\n\n\n\n<p>JMC PROYECTOS INMOBILIARIOS, SLU reserves the right to make any modifications it deems appropriate to its website without prior notice, and may change, delete or add both the content and services provided through it, as well as the way in which they are presented or located on its website.<\/p>\n\n\n\n<p><strong>LINKS<\/strong><\/p>\n\n\n\n<p>In the event that in&nbsp;<a href=\"https:\/\/jmc.homes\/en\/\">www.jmc.homes<\/a>&nbsp;Should links or hyperlinks to other websites be provided, JMC PROYECTOS INMOBILIARIOS, SLU will not exercise any control over such sites and their content. Under no circumstances will JMC PROYECTOS INMOBILIARIOS, SLU assume any responsibility for the content of any link belonging to a third-party website, nor will it guarantee the technical availability, quality, reliability, accuracy, completeness, truthfulness, validity, or legality of any material or information contained in any of these hyperlinks or other websites.<\/p>\n\n\n\n<p>Likewise, the inclusion of these external links will not imply any type of association, merger or partnership with the linked entities.<\/p>\n\n\n\n<p><strong>RIGHT OF EXCLUSION<\/strong><\/p>\n\n\n\n<p>JMC PROYECTOS INMOBILIARIOS, SLU reserves the right to deny or withdraw access to the portal and\/or the services offered without prior notice, at its own request or at the request of a third party, to those users who fail to comply with these General Terms of Use.<\/p>\n\n\n\n<p><strong>GENERAL INFORMATION<\/strong><\/p>\n\n\n\n<p>JMC PROYECTOS INMOBILIARIOS, SLU will pursue any breach of these conditions, as well as any improper use of its portal, by exercising all civil and criminal actions that may correspond to it under the law.<\/p>\n\n\n\n<p><strong>MODIFICATION OF THESE TERMS AND DURATION<\/strong><\/p>\n\n\n\n<p>JMC PROYECTOS INMOBILIARIOS, SLU may modify the conditions determined here at any time, and such modifications will be duly published as they appear here.<\/p>\n\n\n\n<p>The validity of the aforementioned conditions will depend on their publication and will remain in effect until they are modified by other duly published conditions.&nbsp;<\/p>\n\n\n\n<p><strong>APPLICABLE LAW AND JURISDICTION<\/strong>The terms and conditions governing this website, as well as any relationships that may arise from it, are protected by and subject to Spanish law. For the resolution of any dispute, litigation, or disagreement that may arise between the USER and JMC PROYECTOS INMOBILIARIOS, SLU regarding the use of this website, the parties agree to submit to the jurisdiction of the Courts of Valencia, Spain.<\/p>\n\n\n\n<p><em>Last Updated: February 6, 2023<\/em><\/p>","protected":false},"excerpt":{"rendered":"<p>Aviso Legal El hecho de acceder a este sitio web implica el conocimiento y aceptaci\u00f3n de los siguientes t\u00e9rminos y condiciones y atribuye la condici\u00f3n de usuario de la web y el acceso al mismo implica su aceptaci\u00f3n sin reservas. En caso de no aceptar las cl\u00e1usulas establecidas en el presente Aviso Legal, el usuario [&hellip;]<\/p>\n","protected":false},"author":1,"featured_media":0,"parent":0,"menu_order":0,"comment_status":"closed","ping_status":"closed","template":"","meta":{"_acf_changed":false,"footnotes":""},"class_list":["post-226","page","type-page","status-publish","hentry"],"acf":[],"yoast_head":"<!-- This site is optimized with the Yoast SEO plugin v27.2 - https:\/\/yoast.com\/product\/yoast-seo-wordpress\/ -->\n<title>Aviso Legal - JMC Homes<\/title>\n<meta name=\"robots\" content=\"index, follow, max-snippet:-1, max-image-preview:large, max-video-preview:-1\" \/>\n<link rel=\"canonical\" href=\"https:\/\/jmc.homes\/en\/aviso-legal\/\" \/>\n<meta property=\"og:locale\" content=\"en_GB\" \/>\n<meta property=\"og:type\" content=\"article\" \/>\n<meta property=\"og:title\" content=\"Aviso Legal - JMC Homes\" \/>\n<meta property=\"og:description\" content=\"Aviso Legal El hecho de acceder a este sitio web implica el conocimiento y aceptaci\u00f3n de los siguientes t\u00e9rminos y condiciones y atribuye la condici\u00f3n de usuario de la web y el acceso al mismo implica su aceptaci\u00f3n sin reservas. En caso de no aceptar las cl\u00e1usulas establecidas en el presente Aviso Legal, el usuario [&hellip;]\" \/>\n<meta property=\"og:url\" content=\"https:\/\/jmc.homes\/en\/aviso-legal\/\" \/>\n<meta property=\"og:site_name\" content=\"JMC Homes\" \/>\n<meta property=\"article:publisher\" content=\"http:\/\/facebook.com\/jmc.tailored.projects\" \/>\n<meta property=\"og:image\" content=\"https:\/\/jmc.homes\/wp-content\/uploads\/2026\/03\/JMC-favicon.png\" \/>\n\t<meta property=\"og:image:width\" content=\"1200\" \/>\n\t<meta property=\"og:image:height\" content=\"1200\" \/>\n\t<meta property=\"og:image:type\" content=\"image\/png\" \/>\n<meta name=\"twitter:card\" content=\"summary_large_image\" \/>\n<meta name=\"twitter:label1\" content=\"Estimated reading time\" \/>\n\t<meta name=\"twitter:data1\" content=\"7 minutes\" \/>\n<script type=\"application\/ld+json\" class=\"yoast-schema-graph\">{\"@context\":\"https:\/\/schema.org\",\"@graph\":[{\"@type\":\"WebPage\",\"@id\":\"https:\/\/jmc.homes\/aviso-legal\/\",\"url\":\"https:\/\/jmc.homes\/aviso-legal\/\",\"name\":\"Aviso Legal - JMC Homes\",\"isPartOf\":{\"@id\":\"https:\/\/jmc.homes\/#website\"},\"datePublished\":\"2026-03-03T14:56:12+00:00\",\"breadcrumb\":{\"@id\":\"https:\/\/jmc.homes\/aviso-legal\/#breadcrumb\"},\"inLanguage\":\"en-GB\",\"potentialAction\":[{\"@type\":\"ReadAction\",\"target\":[\"https:\/\/jmc.homes\/aviso-legal\/\"]}]},{\"@type\":\"BreadcrumbList\",\"@id\":\"https:\/\/jmc.homes\/aviso-legal\/#breadcrumb\",\"itemListElement\":[{\"@type\":\"ListItem\",\"position\":1,\"name\":\"Portada\",\"item\":\"https:\/\/jmc.homes\/\"},{\"@type\":\"ListItem\",\"position\":2,\"name\":\"Aviso Legal\"}]},{\"@type\":\"WebSite\",\"@id\":\"https:\/\/jmc.homes\/#website\",\"url\":\"https:\/\/jmc.homes\/\",\"name\":\"JMC Homes\",\"description\":\"Un estilo de vida: exclusividad,  dise\u00f1o y confianza en cada detalle.\",\"publisher\":{\"@id\":\"https:\/\/jmc.homes\/#organization\"},\"potentialAction\":[{\"@type\":\"SearchAction\",\"target\":{\"@type\":\"EntryPoint\",\"urlTemplate\":\"https:\/\/jmc.homes\/?s={search_term_string}\"},\"query-input\":{\"@type\":\"PropertyValueSpecification\",\"valueRequired\":true,\"valueName\":\"search_term_string\"}}],\"inLanguage\":\"en-GB\"},{\"@type\":\"Organization\",\"@id\":\"https:\/\/jmc.homes\/#organization\",\"name\":\"JMC Homes\",\"url\":\"https:\/\/jmc.homes\/\",\"logo\":{\"@type\":\"ImageObject\",\"inLanguage\":\"en-GB\",\"@id\":\"https:\/\/jmc.homes\/#\/schema\/logo\/image\/\",\"url\":\"https:\/\/jmc.homes\/wp-content\/uploads\/2026\/03\/cropped-JMC-favicon.png\",\"contentUrl\":\"https:\/\/jmc.homes\/wp-content\/uploads\/2026\/03\/cropped-JMC-favicon.png\",\"width\":512,\"height\":512,\"caption\":\"JMC Homes\"},\"image\":{\"@id\":\"https:\/\/jmc.homes\/#\/schema\/logo\/image\/\"},\"sameAs\":[\"http:\/\/facebook.com\/jmc.tailored.projects\",\"https:\/\/www.instagram.com\/jmc_homes\/\",\"https:\/\/www.linkedin.com\/company\/jmchomes\/\"]}]}<\/script>\n<!-- \/ Yoast SEO plugin. -->","yoast_head_json":{"title":"Aviso Legal - JMC Homes","robots":{"index":"index","follow":"follow","max-snippet":"max-snippet:-1","max-image-preview":"max-image-preview:large","max-video-preview":"max-video-preview:-1"},"canonical":"https:\/\/jmc.homes\/en\/aviso-legal\/","og_locale":"en_GB","og_type":"article","og_title":"Aviso Legal - JMC Homes","og_description":"Aviso Legal El hecho de acceder a este sitio web implica el conocimiento y aceptaci\u00f3n de los siguientes t\u00e9rminos y condiciones y atribuye la condici\u00f3n de usuario de la web y el acceso al mismo implica su aceptaci\u00f3n sin reservas. En caso de no aceptar las cl\u00e1usulas establecidas en el presente Aviso Legal, el usuario [&hellip;]","og_url":"https:\/\/jmc.homes\/en\/aviso-legal\/","og_site_name":"JMC Homes","article_publisher":"http:\/\/facebook.com\/jmc.tailored.projects","og_image":[{"width":1200,"height":1200,"url":"https:\/\/jmc.homes\/wp-content\/uploads\/2026\/03\/JMC-favicon.png","type":"image\/png"}],"twitter_card":"summary_large_image","twitter_misc":{"Estimated reading time":"7 minutes"},"schema":{"@context":"https:\/\/schema.org","@graph":[{"@type":"WebPage","@id":"https:\/\/jmc.homes\/aviso-legal\/","url":"https:\/\/jmc.homes\/aviso-legal\/","name":"Aviso Legal - JMC Homes","isPartOf":{"@id":"https:\/\/jmc.homes\/#website"},"datePublished":"2026-03-03T14:56:12+00:00","breadcrumb":{"@id":"https:\/\/jmc.homes\/aviso-legal\/#breadcrumb"},"inLanguage":"en-GB","potentialAction":[{"@type":"ReadAction","target":["https:\/\/jmc.homes\/aviso-legal\/"]}]},{"@type":"BreadcrumbList","@id":"https:\/\/jmc.homes\/aviso-legal\/#breadcrumb","itemListElement":[{"@type":"ListItem","position":1,"name":"Portada","item":"https:\/\/jmc.homes\/"},{"@type":"ListItem","position":2,"name":"Aviso Legal"}]},{"@type":"WebSite","@id":"https:\/\/jmc.homes\/#website","url":"https:\/\/jmc.homes\/","name":"JMC Homes","description":"Un estilo de vida: exclusividad,  dise\u00f1o y confianza en cada detalle.","publisher":{"@id":"https:\/\/jmc.homes\/#organization"},"potentialAction":[{"@type":"SearchAction","target":{"@type":"EntryPoint","urlTemplate":"https:\/\/jmc.homes\/?s={search_term_string}"},"query-input":{"@type":"PropertyValueSpecification","valueRequired":true,"valueName":"search_term_string"}}],"inLanguage":"en-GB"},{"@type":"Organization","@id":"https:\/\/jmc.homes\/#organization","name":"JMC Homes","url":"https:\/\/jmc.homes\/","logo":{"@type":"ImageObject","inLanguage":"en-GB","@id":"https:\/\/jmc.homes\/#\/schema\/logo\/image\/","url":"https:\/\/jmc.homes\/wp-content\/uploads\/2026\/03\/cropped-JMC-favicon.png","contentUrl":"https:\/\/jmc.homes\/wp-content\/uploads\/2026\/03\/cropped-JMC-favicon.png","width":512,"height":512,"caption":"JMC Homes"},"image":{"@id":"https:\/\/jmc.homes\/#\/schema\/logo\/image\/"},"sameAs":["http:\/\/facebook.com\/jmc.tailored.projects","https:\/\/www.instagram.com\/jmc_homes\/","https:\/\/www.linkedin.com\/company\/jmchomes\/"]}]}},"_links":{"self":[{"href":"https:\/\/jmc.homes\/en\/wp-json\/wp\/v2\/pages\/226","targetHints":{"allow":["GET"]}}],"collection":[{"href":"https:\/\/jmc.homes\/en\/wp-json\/wp\/v2\/pages"}],"about":[{"href":"https:\/\/jmc.homes\/en\/wp-json\/wp\/v2\/types\/page"}],"author":[{"embeddable":true,"href":"https:\/\/jmc.homes\/en\/wp-json\/wp\/v2\/users\/1"}],"replies":[{"embeddable":true,"href":"https:\/\/jmc.homes\/en\/wp-json\/wp\/v2\/comments?post=226"}],"version-history":[{"count":1,"href":"https:\/\/jmc.homes\/en\/wp-json\/wp\/v2\/pages\/226\/revisions"}],"predecessor-version":[{"id":227,"href":"https:\/\/jmc.homes\/en\/wp-json\/wp\/v2\/pages\/226\/revisions\/227"}],"wp:attachment":[{"href":"https:\/\/jmc.homes\/en\/wp-json\/wp\/v2\/media?parent=226"}],"curies":[{"name":"wp","href":"https:\/\/api.w.org\/{rel}","templated":true}]}}