{"id":230,"date":"2026-03-03T14:57:11","date_gmt":"2026-03-03T14:57:11","guid":{"rendered":"https:\/\/jmc.homes\/new\/?page_id=230"},"modified":"2026-03-03T14:57:12","modified_gmt":"2026-03-03T14:57:12","slug":"politica-de-cookies","status":"publish","type":"page","link":"https:\/\/jmc.homes\/de\/politica-de-cookies\/","title":{"rendered":"Cookie-Richtlinie"},"content":{"rendered":"<h1 class=\"wp-block-heading\">Verwendung von Cookies<\/h1>\n\n\n\n<p>Durch diese Website-Mitteilung&nbsp;<a href=\"https:\/\/jmc.homes\/de\/\">www.jmc.homes<\/a>&nbsp;JMC PROYECTOS INMOBILIARIOS, SLU, mit CIF B16848087, informiert Sie \u00fcber ihre Cookie-Richtlinien und erf\u00fcllt damit die Bestimmungen von Artikel 22.2 des Gesetzes 34\/2002 vom 11. Juli \u00fcber Dienste der Informationsgesellschaft und des elektronischen Gesch\u00e4ftsverkehrs.<\/p>\n\n\n\n<p><strong>Was ist ein Cookie?<\/strong><\/p>\n\n\n\n<p>Cookies sind Dateien, die beim Besuch bestimmter Websites auf das Ger\u00e4t des Nutzers (Computer\/Smartphone\/Tablet) heruntergeladen und dort gespeichert werden. Sie erm\u00f6glichen unter anderem das Speichern und Abrufen von Informationen \u00fcber das Surfverhalten eines Nutzers oder sein Ger\u00e4t, beispielsweise welche Seiten besucht werden, die Verbindungsdauer und die Analyse der Seitenleistung, einschlie\u00dflich etwaiger technischer Probleme. Je nach den enthaltenen Informationen und der Art der Ger\u00e4tenutzung k\u00f6nnen sie dazu verwendet werden, den Nutzer wiederzuerkennen.<\/p>\n\n\n\n<p><strong>Welche Arten von Cookies gibt es?<\/strong><\/p>\n\n\n\n<p>Es gibt verschiedene Arten von Cookies, die sich nach unterschiedlichen Kriterien unterscheiden:&nbsp;<\/p>\n\n\n\n<p><strong>Abh\u00e4ngig von den Eigentumsverh\u00e4ltnissen:<\/strong><\/p>\n\n\n\n<p>\u2022 Erstanbieter-Cookies: Dies sind Cookies, die dem Inhaber der Website geh\u00f6ren.<\/p>\n\n\n\n<p>\u2022 Cookies von Drittanbietern: Hierbei handelt es sich um Cookies, die von einem Dritten, nicht vom Website-Inhaber, stammen und die gesammelten Informationen verarbeiten.&nbsp;<\/p>\n\n\n\n<p><strong>Je nach Verwendungszweck:<\/strong><\/p>\n\n\n\n<p>\u2022 Technische Cookies: Dies sind Cookies, die es dem Benutzer erm\u00f6glichen, auf einer Website, Plattform oder Anwendung zu navigieren und die verschiedenen Optionen oder Dienste darauf zu nutzen, einschlie\u00dflich derjenigen, die der Herausgeber verwendet, um die Verwaltung und den Betrieb der Website zu erm\u00f6glichen und ihre Funktionen und Dienste zu erm\u00f6glichen, wie beispielsweise die Kontrolle des Datenverkehrs und der Datenkommunikation, die Identifizierung der Sitzung, der Zugriff auf gesch\u00fctzte Bereiche, das Speichern der Artikel einer Bestellung, die Durchf\u00fchrung des Kaufprozesses einer Bestellung, die Zahlungsabwicklung, die Betrugsbek\u00e4mpfung im Zusammenhang mit der Sicherheit des Dienstes, die Anforderung einer Registrierung oder Teilnahme an einer Veranstaltung, das Z\u00e4hlen von Besuchen zum Zwecke der Abrechnung von Lizenzen der Software, mit der der Dienst (Website, Plattform oder Anwendung) arbeitet, die Verwendung von Sicherheitselementen w\u00e4hrend der Navigation, das Speichern von Inhalten zur Verbreitung von Videos oder Audiodateien, das Erm\u00f6glichen dynamischer Inhalte (z. B. Animationen beim Laden eines Textes oder Bildes) oder das Teilen von Inhalten \u00fcber soziale Netzwerke.<\/p>\n\n\n\n<p>Zu dieser Kategorie geh\u00f6ren aufgrund ihrer technischen Natur auch Cookies, die eine optimale Verwaltung von Werbefl\u00e4chen erm\u00f6glichen. Diese Werbefl\u00e4chen werden vom Herausgeber als integraler Bestandteil des Designs oder Layouts des angebotenen Dienstes auf einer Website, in einer Anwendung oder auf einer Plattform anhand von Kriterien wie den angezeigten Inhalten eingebunden, ohne dass dabei Nutzerdaten f\u00fcr andere Zwecke, wie etwa die Personalisierung von Werbung oder anderen Inhalten, erfasst werden. Technische Cookies sind von den Verpflichtungen gem\u00e4\u00df Artikel 22.2 des spanischen Gesetzes \u00fcber Dienste der Informationsgesellschaft und des elektronischen Gesch\u00e4ftsverkehrs (LSSI) ausgenommen, sofern sie die Bereitstellung des vom Nutzer angeforderten Dienstes erm\u00f6glichen, wie dies bei den oben genannten Cookies der Fall ist. Werden diese Cookies jedoch auch f\u00fcr andere, nicht ausgenommene Zwecke verwendet (z. B. f\u00fcr verhaltensbasierte Werbung), unterliegen sie diesen Verpflichtungen.<\/p>\n\n\n\n<p>\u2022 Pr\u00e4ferenz- oder Personalisierungs-Cookies: Hierbei handelt es sich um Cookies, die Informationen speichern, damit der Nutzer auf den Dienst mit bestimmten Merkmalen zugreifen kann, die sein Nutzungserlebnis von dem anderer Nutzer unterscheiden k\u00f6nnen, wie zum Beispiel die Sprache, die Anzahl der Ergebnisse, die bei einer Suche angezeigt werden, das Erscheinungsbild oder der Inhalt des Dienstes abh\u00e4ngig vom Browsertyp, mit dem der Nutzer auf den Dienst zugreift, oder der Region, aus der er auf den Dienst zugreift usw.<\/p>\n\n\n\n<p>W\u00e4hlt der Nutzer diese Eigenschaften selbst aus (z. B. die Sprache einer Website durch Anklicken des Flaggensymbols des entsprechenden Landes), so sind Cookies von den Verpflichtungen des Artikels 22.2 des spanischen Gesetzes \u00fcber Dienste der Informationsgesellschaft und des Datenschutzes (LSSI) ausgenommen, da sie als vom Nutzer ausdr\u00fccklich angeforderte Dienstleistung gelten, vorausgesetzt, die Cookies dienen ausschlie\u00dflich dem ausgew\u00e4hlten Zweck.<\/p>\n\n\n\n<p>\u2022 Analyse- oder Mess-Cookies: Diese Cookies erm\u00f6glichen es dem Verantwortlichen, das Nutzerverhalten auf den verlinkten Websites zu verfolgen und zu analysieren, einschlie\u00dflich der Messung der Werbewirkung. Die mithilfe dieser Cookies gesammelten Informationen dienen dazu, die Aktivit\u00e4t der Websites, Anwendungen oder Plattformen zu messen und auf Basis der Nutzerdatenanalyse Verbesserungen vorzunehmen.&nbsp;<\/p>\n\n\n\n<p>Hinsichtlich der Verarbeitung von Daten, die \u00fcber Analyse-Cookies gesammelt werden, gilt Folgendes: Obwohl auch diese Cookies von der Pflicht zur Einholung einer informierten Einwilligung f\u00fcr ihre Verwendung ausgenommen sind, ist es unwahrscheinlich, dass sie ein Risiko f\u00fcr die Privatsph\u00e4re des Nutzers darstellen, sofern es sich um Erstanbieter-Cookies handelt, die aggregierte Daten ausschlie\u00dflich zu statistischen Zwecken verarbeiten, Informationen \u00fcber ihre Verwendung bereitstellen und den Nutzern die M\u00f6glichkeit bieten, ihrer Verwendung zu widersprechen.<\/p>\n\n\n\n<p>\u2022 Cookies f\u00fcr verhaltensbasierte Werbung: Hierbei handelt es sich um Cookies, die Informationen \u00fcber das Nutzerverhalten speichern, die durch die kontinuierliche Beobachtung der Surfgewohnheiten gewonnen werden. Dadurch kann ein spezifisches Profil erstellt werden, um darauf basierend Werbung anzuzeigen.<\/p>\n\n\n\n<p><strong>Je nachdem, wie lange sie auf dem Endger\u00e4t aktiviert bleiben, k\u00f6nnen wir Folgendes unterscheiden:<\/strong><\/p>\n\n\n\n<p>\u2022 Session-Cookies: Diese Cookies dienen dazu, Daten zu erfassen und zu speichern, w\u00e4hrend der Nutzer eine Website besucht. Sie werden typischerweise verwendet, um Informationen zu speichern, die nur f\u00fcr die Bereitstellung des vom Nutzer angeforderten Dienstes bei einem einmaligen Besuch ben\u00f6tigt werden (z. B. eine Liste gekaufter Produkte) und werden nach Beendigung der Sitzung gel\u00f6scht.<\/p>\n\n\n\n<p>\u2022 Permanente Cookies: Dies sind Cookies, bei denen die Daten auf dem Endger\u00e4t gespeichert bleiben und f\u00fcr einen vom Cookie-Inhaber festgelegten Zeitraum abgerufen und verarbeitet werden k\u00f6nnen, der von wenigen Minuten bis zu mehreren Jahren reichen kann.<\/p>\n\n\n\n<p><strong>Wozu dient ein Cookie?<\/strong><\/p>\n\n\n\n<p>Cookies werden verwendet, um Ihnen personalisierte Dienste und\/oder Werbung bereitzustellen, die Systemleistung zu analysieren, Sie beim Einloggen als Benutzer wiederzuerkennen, etwaige Probleme schnellstm\u00f6glich zu lokalisieren und zu beheben sowie die Nutzung und Aktivit\u00e4t der Website zu analysieren und zu messen.<\/p>\n\n\n\n<p><strong>Ist meine Zustimmung erforderlich, um ein Cookie zu platzieren?<\/strong><\/p>\n\n\n\n<p>F\u00fcr die Installation technischer Cookies oder solcher, die unbedingt erforderlich sind, um einen vom Empf\u00e4nger ausdr\u00fccklich angeforderten Dienst der Informationsgesellschaft bereitzustellen, ist keine Einwilligung erforderlich.&nbsp;<\/p>\n\n\n\n<p>F\u00fcr alle anderen Cookies ist die Einwilligung des Nutzers erforderlich und kann auf verschiedenen Wegen eingeholt werden. Wenn Sie diese Website weiterhin nutzen, gilt Ihre Einwilligung als erteilt. Sie haben jedoch jederzeit das Recht, Ihre Einwilligung zu widerrufen und Cookies zu deaktivieren.<\/p>\n\n\n\n<p><strong>Welche Cookies werden aktuell auf dieser Website verwendet? Wer verwendet diese Cookies?<\/strong><\/p>\n\n\n\n<p>Sitzungs- oder dauerhafte Cookies: Hierbei handelt es sich um Erstanbieter-Cookies f\u00fcr Sitzungs-, Identifikations-, Konfigurations- und Registrierungszwecke, die f\u00fcr die Benutzeridentifizierung und die Bereitstellung der vom Benutzer angeforderten Dienste unbedingt erforderlich sind. Die durch diese Cookies gewonnenen Informationen werden ausschlie\u00dflich vom Website-Betreiber verarbeitet.<\/p>\n\n\n\n<p>Hinweis: Diese Liste wird so schnell wie m\u00f6glich aktualisiert. In Ausnahmef\u00e4llen kann es jedoch w\u00e4hrend des Aktualisierungsprozesses vorkommen, dass einige Cookies vor\u00fcbergehend nicht aufgef\u00fchrt werden. In jedem Fall handelt es sich dabei um Cookies mit identischem Zweck wie die in dieser Liste aufgef\u00fchrten.<\/p>\n\n\n\n<p>Diese Tools erfassen keine personenbezogenen Daten oder Postanschriften der Nutzer. Die gesammelten Informationen beziehen sich auf die Anzahl der besuchten Seiten, die Sprache, den Standort der IP-Adresse, von der aus die Nutzer auf die Website zugreifen, die Anzahl der Besucher, die H\u00e4ufigkeit und das Wiederauftreten der Besuche, die Besuchsdauer, den verwendeten Browser sowie den Betreiber oder Ger\u00e4tetyp, mit dem auf die Website zugegriffen wird.<\/p>\n\n\n\n<p><strong>Details zu unseren eigenen Cookies<\/strong><\/p>\n\n\n\n<figure class=\"wp-block-table\"><table class=\"has-fixed-layout\"><tbody><tr><td><strong>Pl\u00e4tzchen<\/strong><\/td><td><strong>Domain<\/strong><\/td><td><strong>Ablauf<\/strong><\/td><td><strong>Beschreibung<\/strong><\/td><\/tr><tr><td>moove_gdpr_popup<\/td><td>jmc.homes<\/td><td>1 Jahr<\/td><td>Cookie-Akzeptanzsteuerung<\/td><\/tr><\/tbody><\/table><\/figure>\n\n\n\n<p><strong>Details zu Cookies von Drittanbietern<\/strong><\/p>\n\n\n\n<p>Keiner<\/p>\n\n\n\n<p><strong>Wie kann ich Cookies in meinem Browser deaktivieren?<\/strong><\/p>\n\n\n\n<p>Die meisten Browser erm\u00f6glichen es Nutzern heutzutage, festzulegen, ob und welche Cookies akzeptiert werden sollen. Diese Einstellungen befinden sich \u00fcblicherweise im Men\u00fc \u2018Optionen\u2019 oder \u2018Einstellungen\u2019 des Browsers.<\/p>\n\n\n\n<p>Hier finden Sie Anweisungen zum Konfigurieren von Cookies in den g\u00e4ngigen Browsern:<\/p>\n\n\n\n<p>Chrome: Einstellungen -&gt; Erweiterte Einstellungen anzeigen -&gt; Datenschutz -&gt; Inhaltseinstellungen. Weitere Informationen finden Sie im Google-Support oder in der Browserhilfe (<a href=\"http:\/\/support.google.com\/chrome\/?hl=es\">http:\/\/support.google.com\/chrome\/?hl=es<\/a>)<\/p>\n\n\n\n<p>Firefox: Extras \u2192 Einstellungen \u2192 Datenschutz \u2192 Chronik \u2192 Benutzerdefinierte Einstellungen. Weitere Informationen erhalten Sie beim Mozilla-Support oder in der Browserhilfe.<a href=\"http:\/\/support.mozilla.org\/es\/home\">http:\/\/support.mozilla.org\/es\/home<\/a>)<\/p>\n\n\n\n<p>Internet Explorer: Extras \u2192 Internetoptionen \u2192 Datenschutz \u2192 Einstellungen. Weitere Informationen finden Sie im Microsoft-Support oder in der Browserhilfe.<a href=\"http:\/\/windows.microsoft.com\/es-ES\/windows\/support\">http:\/\/windows.microsoft.com\/es-ES\/windows\/support<\/a>)<\/p>\n\n\n\n<p>Safari: Einstellungen \u2192 Sicherheit. Weitere Informationen finden Sie im Apple Support oder in der Hilfe Ihres Browsers.<a href=\"http:\/\/www.apple.com\/es\/support\/safari\/\">http:\/\/www.apple.com\/es\/support\/safari\/<\/a>)<\/p>\n\n\n\n<p><strong>Finden \u00fcber Cookies gewonnene Daten zu einer Daten\u00fcbertragung statt?<\/strong><\/p>\n\n\n\n<p>In unserem Fall findet keine \u00dcberweisung statt.<\/p>\n\n\n\n<p><strong>Wie lange werden die erhobenen Daten aufbewahrt?<\/strong><\/p>\n\n\n\n<p>Nur das, was f\u00fcr den Zweck, zu dem es beschafft wurde, notwendig ist.&nbsp;<\/p>\n\n\n\n<p><strong>Einwilligung von Minderj\u00e4hrigen unter 14 Jahren.<\/strong><\/p>\n\n\n\n<p>Unsere Website ist nicht f\u00fcr Nutzer unter 14 Jahren bestimmt. Wenn Sie unsere Online-Dienste nutzen m\u00f6chten und 14 Jahre oder j\u00fcnger sind, ben\u00f6tigen wir die Zustimmung Ihrer Eltern oder Erziehungsberechtigten, damit diese unsere Richtlinien lesen und der Verwendung Ihrer Daten in Ihrem Namen zustimmen.<\/p>\n\n\n\n<p><em>Letzte Aktualisierung: 21. M\u00e4rz 2023<\/em><\/p>","protected":false},"excerpt":{"rendered":"<p>Uso de Cookies Mediante el presente aviso de la web&nbsp;www.jmc.homes&nbsp;con titular JMC PROYECTOS INMOBILIARIOS, S.L.U., con C.I.F. B16848087, le informa de su pol\u00edtica de cookies, cumpliendo as\u00ed con lo previsto en el art\u00edculo 22.2 de la Ley 34\/2002, de 11 de julio de Servicios de la Sociedad de la Informaci\u00f3n y de Comercio Electr\u00f3nico. \u00bfQu\u00e9 [&hellip;]<\/p>\n","protected":false},"author":1,"featured_media":0,"parent":0,"menu_order":0,"comment_status":"closed","ping_status":"closed","template":"","meta":{"_acf_changed":false,"footnotes":""},"class_list":["post-230","page","type-page","status-publish","hentry"],"acf":[],"yoast_head":"<!-- This site is optimized with the Yoast SEO plugin v27.2 - https:\/\/yoast.com\/product\/yoast-seo-wordpress\/ -->\n<title>Pol\u00edtica de Cookies - JMC Homes<\/title>\n<meta name=\"robots\" content=\"index, follow, max-snippet:-1, max-image-preview:large, max-video-preview:-1\" \/>\n<link rel=\"canonical\" href=\"https:\/\/jmc.homes\/de\/politica-de-cookies\/\" \/>\n<meta property=\"og:locale\" content=\"de_DE\" \/>\n<meta property=\"og:type\" content=\"article\" \/>\n<meta property=\"og:title\" content=\"Pol\u00edtica de Cookies - JMC Homes\" \/>\n<meta property=\"og:description\" content=\"Uso de Cookies Mediante el presente aviso de la web&nbsp;www.jmc.homes&nbsp;con titular JMC PROYECTOS INMOBILIARIOS, S.L.U., con C.I.F. B16848087, le informa de su pol\u00edtica de cookies, cumpliendo as\u00ed con lo previsto en el art\u00edculo 22.2 de la Ley 34\/2002, de 11 de julio de Servicios de la Sociedad de la Informaci\u00f3n y de Comercio Electr\u00f3nico. \u00bfQu\u00e9 [&hellip;]\" \/>\n<meta property=\"og:url\" content=\"https:\/\/jmc.homes\/de\/politica-de-cookies\/\" \/>\n<meta property=\"og:site_name\" content=\"JMC Homes\" \/>\n<meta property=\"article:publisher\" content=\"http:\/\/facebook.com\/jmc.tailored.projects\" \/>\n<meta property=\"article:modified_time\" content=\"2026-03-03T14:57:12+00:00\" \/>\n<meta property=\"og:image\" content=\"https:\/\/jmc.homes\/wp-content\/uploads\/2026\/03\/JMC-favicon.png\" \/>\n\t<meta property=\"og:image:width\" content=\"1200\" \/>\n\t<meta property=\"og:image:height\" content=\"1200\" \/>\n\t<meta property=\"og:image:type\" content=\"image\/png\" \/>\n<meta name=\"twitter:card\" content=\"summary_large_image\" \/>\n<meta name=\"twitter:label1\" content=\"Gesch\u00e4tzte Lesezeit\" \/>\n\t<meta name=\"twitter:data1\" content=\"9\u00a0Minuten\" \/>\n<script type=\"application\/ld+json\" class=\"yoast-schema-graph\">{\"@context\":\"https:\/\/schema.org\",\"@graph\":[{\"@type\":\"WebPage\",\"@id\":\"https:\/\/jmc.homes\/politica-de-cookies\/\",\"url\":\"https:\/\/jmc.homes\/politica-de-cookies\/\",\"name\":\"Pol\u00edtica de Cookies - JMC Homes\",\"isPartOf\":{\"@id\":\"https:\/\/jmc.homes\/#website\"},\"datePublished\":\"2026-03-03T14:57:11+00:00\",\"dateModified\":\"2026-03-03T14:57:12+00:00\",\"breadcrumb\":{\"@id\":\"https:\/\/jmc.homes\/politica-de-cookies\/#breadcrumb\"},\"inLanguage\":\"de\",\"potentialAction\":[{\"@type\":\"ReadAction\",\"target\":[\"https:\/\/jmc.homes\/politica-de-cookies\/\"]}]},{\"@type\":\"BreadcrumbList\",\"@id\":\"https:\/\/jmc.homes\/politica-de-cookies\/#breadcrumb\",\"itemListElement\":[{\"@type\":\"ListItem\",\"position\":1,\"name\":\"Portada\",\"item\":\"https:\/\/jmc.homes\/\"},{\"@type\":\"ListItem\",\"position\":2,\"name\":\"Pol\u00edtica de Cookies\"}]},{\"@type\":\"WebSite\",\"@id\":\"https:\/\/jmc.homes\/#website\",\"url\":\"https:\/\/jmc.homes\/\",\"name\":\"JMC Homes\",\"description\":\"Un estilo de vida: exclusividad,  dise\u00f1o y confianza en cada detalle.\",\"publisher\":{\"@id\":\"https:\/\/jmc.homes\/#organization\"},\"potentialAction\":[{\"@type\":\"SearchAction\",\"target\":{\"@type\":\"EntryPoint\",\"urlTemplate\":\"https:\/\/jmc.homes\/?s={search_term_string}\"},\"query-input\":{\"@type\":\"PropertyValueSpecification\",\"valueRequired\":true,\"valueName\":\"search_term_string\"}}],\"inLanguage\":\"de\"},{\"@type\":\"Organization\",\"@id\":\"https:\/\/jmc.homes\/#organization\",\"name\":\"JMC Homes\",\"url\":\"https:\/\/jmc.homes\/\",\"logo\":{\"@type\":\"ImageObject\",\"inLanguage\":\"de\",\"@id\":\"https:\/\/jmc.homes\/#\/schema\/logo\/image\/\",\"url\":\"https:\/\/jmc.homes\/wp-content\/uploads\/2026\/03\/cropped-JMC-favicon.png\",\"contentUrl\":\"https:\/\/jmc.homes\/wp-content\/uploads\/2026\/03\/cropped-JMC-favicon.png\",\"width\":512,\"height\":512,\"caption\":\"JMC Homes\"},\"image\":{\"@id\":\"https:\/\/jmc.homes\/#\/schema\/logo\/image\/\"},\"sameAs\":[\"http:\/\/facebook.com\/jmc.tailored.projects\",\"https:\/\/www.instagram.com\/jmc_homes\/\",\"https:\/\/www.linkedin.com\/company\/jmchomes\/\"]}]}<\/script>\n<!-- \/ Yoast SEO plugin. -->","yoast_head_json":{"title":"Pol\u00edtica de Cookies - JMC Homes","robots":{"index":"index","follow":"follow","max-snippet":"max-snippet:-1","max-image-preview":"max-image-preview:large","max-video-preview":"max-video-preview:-1"},"canonical":"https:\/\/jmc.homes\/de\/politica-de-cookies\/","og_locale":"de_DE","og_type":"article","og_title":"Pol\u00edtica de Cookies - JMC Homes","og_description":"Uso de Cookies Mediante el presente aviso de la web&nbsp;www.jmc.homes&nbsp;con titular JMC PROYECTOS INMOBILIARIOS, S.L.U., con C.I.F. B16848087, le informa de su pol\u00edtica de cookies, cumpliendo as\u00ed con lo previsto en el art\u00edculo 22.2 de la Ley 34\/2002, de 11 de julio de Servicios de la Sociedad de la Informaci\u00f3n y de Comercio Electr\u00f3nico. \u00bfQu\u00e9 [&hellip;]","og_url":"https:\/\/jmc.homes\/de\/politica-de-cookies\/","og_site_name":"JMC Homes","article_publisher":"http:\/\/facebook.com\/jmc.tailored.projects","article_modified_time":"2026-03-03T14:57:12+00:00","og_image":[{"width":1200,"height":1200,"url":"https:\/\/jmc.homes\/wp-content\/uploads\/2026\/03\/JMC-favicon.png","type":"image\/png"}],"twitter_card":"summary_large_image","twitter_misc":{"Gesch\u00e4tzte Lesezeit":"9\u00a0Minuten"},"schema":{"@context":"https:\/\/schema.org","@graph":[{"@type":"WebPage","@id":"https:\/\/jmc.homes\/politica-de-cookies\/","url":"https:\/\/jmc.homes\/politica-de-cookies\/","name":"Pol\u00edtica de Cookies - JMC Homes","isPartOf":{"@id":"https:\/\/jmc.homes\/#website"},"datePublished":"2026-03-03T14:57:11+00:00","dateModified":"2026-03-03T14:57:12+00:00","breadcrumb":{"@id":"https:\/\/jmc.homes\/politica-de-cookies\/#breadcrumb"},"inLanguage":"de","potentialAction":[{"@type":"ReadAction","target":["https:\/\/jmc.homes\/politica-de-cookies\/"]}]},{"@type":"BreadcrumbList","@id":"https:\/\/jmc.homes\/politica-de-cookies\/#breadcrumb","itemListElement":[{"@type":"ListItem","position":1,"name":"Portada","item":"https:\/\/jmc.homes\/"},{"@type":"ListItem","position":2,"name":"Pol\u00edtica de Cookies"}]},{"@type":"WebSite","@id":"https:\/\/jmc.homes\/#website","url":"https:\/\/jmc.homes\/","name":"JMC Homes","description":"Ein Lebensstil: Exklusivit\u00e4t, Design und Selbstbewusstsein bis ins kleinste Detail.","publisher":{"@id":"https:\/\/jmc.homes\/#organization"},"potentialAction":[{"@type":"SearchAction","target":{"@type":"EntryPoint","urlTemplate":"https:\/\/jmc.homes\/?s={search_term_string}"},"query-input":{"@type":"PropertyValueSpecification","valueRequired":true,"valueName":"search_term_string"}}],"inLanguage":"de"},{"@type":"Organization","@id":"https:\/\/jmc.homes\/#organization","name":"JMC Homes","url":"https:\/\/jmc.homes\/","logo":{"@type":"ImageObject","inLanguage":"de","@id":"https:\/\/jmc.homes\/#\/schema\/logo\/image\/","url":"https:\/\/jmc.homes\/wp-content\/uploads\/2026\/03\/cropped-JMC-favicon.png","contentUrl":"https:\/\/jmc.homes\/wp-content\/uploads\/2026\/03\/cropped-JMC-favicon.png","width":512,"height":512,"caption":"JMC Homes"},"image":{"@id":"https:\/\/jmc.homes\/#\/schema\/logo\/image\/"},"sameAs":["http:\/\/facebook.com\/jmc.tailored.projects","https:\/\/www.instagram.com\/jmc_homes\/","https:\/\/www.linkedin.com\/company\/jmchomes\/"]}]}},"_links":{"self":[{"href":"https:\/\/jmc.homes\/de\/wp-json\/wp\/v2\/pages\/230","targetHints":{"allow":["GET"]}}],"collection":[{"href":"https:\/\/jmc.homes\/de\/wp-json\/wp\/v2\/pages"}],"about":[{"href":"https:\/\/jmc.homes\/de\/wp-json\/wp\/v2\/types\/page"}],"author":[{"embeddable":true,"href":"https:\/\/jmc.homes\/de\/wp-json\/wp\/v2\/users\/1"}],"replies":[{"embeddable":true,"href":"https:\/\/jmc.homes\/de\/wp-json\/wp\/v2\/comments?post=230"}],"version-history":[{"count":1,"href":"https:\/\/jmc.homes\/de\/wp-json\/wp\/v2\/pages\/230\/revisions"}],"predecessor-version":[{"id":231,"href":"https:\/\/jmc.homes\/de\/wp-json\/wp\/v2\/pages\/230\/revisions\/231"}],"wp:attachment":[{"href":"https:\/\/jmc.homes\/de\/wp-json\/wp\/v2\/media?parent=230"}],"curies":[{"name":"wp","href":"https:\/\/api.w.org\/{rel}","templated":true}]}}