{"id":226,"date":"2026-03-03T14:56:12","date_gmt":"2026-03-03T14:56:12","guid":{"rendered":"https:\/\/jmc.homes\/new\/?page_id=226"},"modified":"2026-03-03T14:56:12","modified_gmt":"2026-03-03T14:56:12","slug":"aviso-legal","status":"publish","type":"page","link":"https:\/\/jmc.homes\/de\/aviso-legal\/","title":{"rendered":"Rechtlicher Hinweis"},"content":{"rendered":"<h1 class=\"wp-block-heading\">Rechtlicher Hinweis<\/h1>\n\n\n\n<p>Durch den Zugriff auf diese Website erkl\u00e4ren Sie sich mit den folgenden Nutzungsbedingungen einverstanden und werden zum Website-Nutzer. Mit dem Zugriff auf die Website akzeptieren Sie diese Bedingungen vorbehaltlos. Sollten Sie den Bestimmungen dieses Rechtshinweises nicht zustimmen, d\u00fcrfen Sie die auf der Website angebotenen Dienste und\/oder Inhalte nicht nutzen und m\u00fcssen die Website verlassen.<\/p>\n\n\n\n<p><strong>WEBSITE-EIGENTUM<\/strong><\/p>\n\n\n\n<p>JMC PROYECTOS INMOBILIARIOS, SLU informiert Sie gem\u00e4\u00df Artikel 10 des Gesetzes 34\/2002 vom 11. Juli \u00fcber Dienste der Informationsgesellschaft und des elektronischen Gesch\u00e4ftsverkehrs (LSSI-CE) \u00fcber die identifizierenden Daten der Website.&nbsp;<a href=\"https:\/\/jmc.homes\/de\/\">www.jmc.homes<\/a>.<\/p>\n\n\n\n<p>FIRMENNAME: JMC PROYECTOS INMOBILIARIOS, SLU.<\/p>\n\n\n\n<p>REGISTRIERTE ADRESSE: Plaza Porta de La Mar Nr. 6-3\u00aa 46004 Valencia<\/p>\n\n\n\n<p>TELEFON: +(34) 674 88 44 70<\/p>\n\n\n\n<p>CIF: B16848087<\/p>\n\n\n\n<p>ALLGEMEINE E-MAIL-ADRESSE:&nbsp;<a href=\"mailto:info@jmc.homes\">info@jmc.homes<\/a>&nbsp;<\/p>\n\n\n\n<p>Eintragungen im Handelsregister: Handelsregister von VALENCIA\/VAL\u00c8NCIA T 11048, L 8326,F 83, S 8, HV 200281<\/p>\n\n\n\n<p><strong>NUTZUNGSBEDINGUNGEN&nbsp;<\/strong><\/p>\n\n\n\n<p><strong>BENUTZER<\/strong><\/p>\n\n\n\n<p>Der Zugriff auf und\/oder die Nutzung dieses Portals von JMC PROYECTOS INMOBILIARIOS, SLU verleiht den Status eines Nutzers, der ab dem Zeitpunkt des Zugriffs und\/oder der Nutzung die hierin enthaltenen Allgemeinen Nutzungsbedingungen akzeptiert. Diese Bedingungen gelten unabh\u00e4ngig von etwaigen anwendbaren Allgemeinen Vertragsbedingungen.<\/p>\n\n\n\n<p><strong>WEB-NUTZUNG<\/strong><\/p>\n\n\n\n<p><a href=\"https:\/\/jmc.homes\/de\/\">www.jmc.homes<\/a>&nbsp;Diese Website bietet Zugang zu einer Vielzahl von Informationen, Diensten und Daten (nachfolgend \u201cInhalte\u201d) im Internet, die der JMC PROYECTOS INMOBILIARIOS, SLU geh\u00f6ren und auf die der Nutzer zugreifen kann. Der Nutzer tr\u00e4gt die Verantwortung f\u00fcr die Nutzung der Website. Diese Verantwortung erstreckt sich auch auf jede Registrierung, die f\u00fcr den Zugriff auf bestimmte Dienste oder Inhalte erforderlich sein kann.<\/p>\n\n\n\n<p>Bei der Registrierung ist der Nutzer verpflichtet, wahrheitsgem\u00e4\u00dfe und rechtm\u00e4\u00dfige Angaben zu machen. Im Zuge der Registrierung erh\u00e4lt der Nutzer ein Passwort, f\u00fcr dessen sorgf\u00e4ltige und vertrauliche Verwendung er verantwortlich ist. Der Nutzer verpflichtet sich, die von JMC PROYECTOS INMOBILIARIOS, SLU \u00fcber ihr Portal angebotenen Inhalte und Dienste (wie Chat-Dienste, Diskussionsforen oder Newsgroups) sachgem\u00e4\u00df zu nutzen und insbesondere, aber nicht ausschlie\u00dflich, diese nicht zu folgenden Zwecken zu verwenden: (I) ungesetzliche, illegale oder gegen Treu und Glauben und die \u00f6ffentliche Ordnung versto\u00dfende Aktivit\u00e4ten; (II) Verbreitung von Inhalten oder Propaganda rassistischer, fremdenfeindlicher, pornografischer oder illegaler Natur oder von Inhalten, die Terrorismus oder Menschenrechtsverletzungen verherrlichen. (III) Die physischen und logischen Systeme von JMC PROYECTOS INMOBILIARIOS, SLU, deren Lieferanten oder Dritten zu besch\u00e4digen oder Computerviren oder andere physische oder logische Systeme, die die vorgenannten Sch\u00e4den verursachen k\u00f6nnten, einzuschleusen oder zu verbreiten; (IV) Zu versuchen, auf die E-Mail-Konten anderer Nutzer zuzugreifen und diese gegebenenfalls zu nutzen sowie deren Nachrichten zu ver\u00e4ndern oder zu manipulieren. JMC PROYECTOS INMOBILIARIOS, SLU beh\u00e4lt sich das Recht vor, Kommentare und Beitr\u00e4ge zu entfernen, die die Menschenw\u00fcrde verletzen, diskriminierend, fremdenfeindlich, rassistisch, pornografisch oder jugendgef\u00e4hrdend sind oder die \u00f6ffentliche Ordnung oder Sicherheit gef\u00e4hrden oder die nach Ansicht von JMC PROYECTOS INMOBILIARIOS, SLU nicht zur Ver\u00f6ffentlichung geeignet sind. JMC PROYECTOS INMOBILIARIOS, SLU \u00fcbernimmt in keinem Fall die Verantwortung f\u00fcr die von Nutzern in Foren, Chats oder anderen Beteiligungstools ge\u00e4u\u00dferten Meinungen.<\/p>\n\n\n\n<p><strong>GEISTIGES UND GEWERBLICHES EIGENTUM<\/strong><\/p>\n\n\n\n<p>JMC PROYECTOS INMOBILIARIOS, SLU besitzt entweder direkt oder als Rechtsnachfolger alle geistigen und gewerblichen Eigentumsrechte an ihrer Website sowie an den darin enthaltenen Elementen (einschlie\u00dflich, aber nicht beschr\u00e4nkt auf Bilder, Ton, Audio, Video, Software oder Texte; Marken oder Logos, Farbkombinationen, Struktur und Design, Auswahl der verwendeten Materialien, Computerprogramme, die f\u00fcr den Betrieb, den Zugriff und die Nutzung erforderlich sind usw.), die Eigentum von JMC PROYECTOS INMOBILIARIOS, SLU oder ihren Lizenzgebern sind.<\/p>\n\n\n\n<p><strong>Alle Rechte vorbehalten:<\/strong>&nbsp;Gem\u00e4\u00df Artikel 8 und 32.1 Absatz 2 des Gesetzes \u00fcber geistiges Eigentum ist die Vervielf\u00e4ltigung, Verbreitung und \u00f6ffentliche Wiedergabe, einschlie\u00dflich der Bereitstellung, des gesamten oder eines Teils des Inhalts dieser Website zu kommerziellen Zwecken in jeglicher Form und mit jeglichen technischen Mitteln ohne die ausdr\u00fcckliche Genehmigung von JMC PROYECTOS INMOBILIARIOS, SLU, untersagt. Der Nutzer verpflichtet sich, die geistigen und gewerblichen Eigentumsrechte von JMC PROYECTOS INMOBILIARIOS, SLU, zu respektieren. Der Nutzer darf die Elemente des Portals ansehen und diese auch ausdrucken, kopieren und auf der Festplatte seines Computers oder einem anderen physischen Datentr\u00e4ger speichern, sofern dies ausschlie\u00dflich f\u00fcr den pers\u00f6nlichen und privaten Gebrauch erfolgt. Der Nutzer darf keine auf den Seiten von JMC PROYECTOS INMOBILIARIOS, SLU, installierten Schutzvorrichtungen oder Sicherheitssysteme l\u00f6schen, ver\u00e4ndern, umgehen oder manipulieren.<\/p>\n\n\n\n<p><strong>AUSSCHLUSS VON GEW\u00c4HRLEISTUNGEN UND HAFTUNG<\/strong><\/p>\n\n\n\n<p>JMC PROYECTOS INMOBILIARIOS, SLU haftet unter keinen Umst\u00e4nden f\u00fcr Sch\u00e4den jeglicher Art, die entstehen k\u00f6nnen, einschlie\u00dflich, aber nicht beschr\u00e4nkt auf: Fehler oder Auslassungen im Inhalt, Nichtverf\u00fcgbarkeit des Portals oder die \u00dcbertragung von Viren oder b\u00f6sartigen oder sch\u00e4dlichen Programmen im Inhalt, obwohl alle notwendigen technischen Ma\u00dfnahmen zur Vermeidung dessen getroffen wurden.<\/p>\n\n\n\n<p><strong>\u00c4NDERUNGEN<\/strong><\/p>\n\n\n\n<p>JMC PROYECTOS INMOBILIARIOS, SLU beh\u00e4lt sich das Recht vor, ohne vorherige Ank\u00fcndigung \u00c4nderungen an ihrer Website vorzunehmen, die sie f\u00fcr angemessen h\u00e4lt, und kann sowohl die Inhalte und Dienstleistungen, die \u00fcber sie angeboten werden, als auch die Art und Weise, wie sie auf ihrer Website pr\u00e4sentiert oder positioniert werden, \u00e4ndern, l\u00f6schen oder hinzuf\u00fcgen.<\/p>\n\n\n\n<p><strong>LINKS<\/strong><\/p>\n\n\n\n<p>F\u00fcr den Fall, dass&nbsp;<a href=\"https:\/\/jmc.homes\/de\/\">www.jmc.homes<\/a>&nbsp;Sollten Links oder Hyperlinks zu anderen Websites bereitgestellt werden, \u00fcbernimmt JMC PROYECTOS INMOBILIARIOS, SLU keinerlei Kontrolle \u00fcber diese Websites und deren Inhalte. JMC PROYECTOS INMOBILIARIOS, SLU \u00fcbernimmt unter keinen Umst\u00e4nden die Verantwortung f\u00fcr die Inhalte von Links zu Websites Dritter und garantiert weder die technische Verf\u00fcgbarkeit, Qualit\u00e4t, Zuverl\u00e4ssigkeit, Genauigkeit, Vollst\u00e4ndigkeit, Richtigkeit, G\u00fcltigkeit noch Rechtm\u00e4\u00dfigkeit der in diesen Hyperlinks oder auf anderen Websites enthaltenen Materialien oder Informationen.<\/p>\n\n\n\n<p>Ebenso wenig impliziert die Aufnahme dieser externen Links irgendeine Art von Verbindung, Fusion oder Partnerschaft mit den verlinkten Unternehmen.<\/p>\n\n\n\n<p><strong>Ausschlussrecht<\/strong><\/p>\n\n\n\n<p>JMC PROYECTOS INMOBILIARIOS, SLU beh\u00e4lt sich das Recht vor, den Zugang zum Portal und\/oder den angebotenen Dienstleistungen ohne vorherige Ank\u00fcndigung zu verweigern oder zu entziehen, sei es auf eigene Veranlassung oder auf Veranlassung Dritter, wenn der Nutzer gegen diese Allgemeinen Nutzungsbedingungen verst\u00f6\u00dft.<\/p>\n\n\n\n<p><strong>ALLGEMEINE INFORMATIONEN<\/strong><\/p>\n\n\n\n<p>JMC PROYECTOS INMOBILIARIOS, SLU wird jeden Versto\u00df gegen diese Bedingungen sowie jede unsachgem\u00e4\u00dfe Nutzung ihres Portals mit allen ihr nach dem Gesetz zustehenden zivil- und strafrechtlichen Ma\u00dfnahmen verfolgen.<\/p>\n\n\n\n<p><strong>\u00c4NDERUNG DIESER BEDINGUNGEN UND DER LAUFZEIT<\/strong><\/p>\n\n\n\n<p>JMC PROYECTOS INMOBILIARIOS, SLU kann die hier festgelegten Bedingungen jederzeit \u00e4ndern, und solche \u00c4nderungen werden hier entsprechend ver\u00f6ffentlicht.<\/p>\n\n\n\n<p>Die G\u00fcltigkeit der vorgenannten Bedingungen h\u00e4ngt von ihrer Ver\u00f6ffentlichung ab und bleibt so lange in Kraft, bis sie durch andere, ordnungsgem\u00e4\u00df ver\u00f6ffentlichte Bedingungen ge\u00e4ndert werden.&nbsp;<\/p>\n\n\n\n<p><strong>ANWENDBARES RECHT UND GERICHTSSTAND<\/strong>Die Nutzungsbedingungen dieser Website sowie alle daraus entstehenden Beziehungen unterliegen spanischem Recht. F\u00fcr die Beilegung von Streitigkeiten, Rechtsstreitigkeiten oder Meinungsverschiedenheiten zwischen dem Nutzer und JMC PROYECTOS INMOBILIARIOS, SLU im Zusammenhang mit der Nutzung dieser Website vereinbaren die Parteien die Zust\u00e4ndigkeit der Gerichte von Valencia, Spanien.<\/p>\n\n\n\n<p><em>Letzte Aktualisierung: 6. Februar 2023<\/em><\/p>","protected":false},"excerpt":{"rendered":"<p>Aviso Legal El hecho de acceder a este sitio web implica el conocimiento y aceptaci\u00f3n de los siguientes t\u00e9rminos y condiciones y atribuye la condici\u00f3n de usuario de la web y el acceso al mismo implica su aceptaci\u00f3n sin reservas. En caso de no aceptar las cl\u00e1usulas establecidas en el presente Aviso Legal, el usuario [&hellip;]<\/p>\n","protected":false},"author":1,"featured_media":0,"parent":0,"menu_order":0,"comment_status":"closed","ping_status":"closed","template":"","meta":{"_acf_changed":false,"footnotes":""},"class_list":["post-226","page","type-page","status-publish","hentry"],"acf":[],"yoast_head":"<!-- This site is optimized with the Yoast SEO plugin v27.2 - https:\/\/yoast.com\/product\/yoast-seo-wordpress\/ -->\n<title>Aviso Legal - JMC Homes<\/title>\n<meta name=\"robots\" content=\"index, follow, max-snippet:-1, max-image-preview:large, max-video-preview:-1\" \/>\n<link rel=\"canonical\" href=\"https:\/\/jmc.homes\/de\/aviso-legal\/\" \/>\n<meta property=\"og:locale\" content=\"de_DE\" \/>\n<meta property=\"og:type\" content=\"article\" \/>\n<meta property=\"og:title\" content=\"Aviso Legal - JMC Homes\" \/>\n<meta property=\"og:description\" content=\"Aviso Legal El hecho de acceder a este sitio web implica el conocimiento y aceptaci\u00f3n de los siguientes t\u00e9rminos y condiciones y atribuye la condici\u00f3n de usuario de la web y el acceso al mismo implica su aceptaci\u00f3n sin reservas. En caso de no aceptar las cl\u00e1usulas establecidas en el presente Aviso Legal, el usuario [&hellip;]\" \/>\n<meta property=\"og:url\" content=\"https:\/\/jmc.homes\/de\/aviso-legal\/\" \/>\n<meta property=\"og:site_name\" content=\"JMC Homes\" \/>\n<meta property=\"article:publisher\" content=\"http:\/\/facebook.com\/jmc.tailored.projects\" \/>\n<meta property=\"og:image\" content=\"https:\/\/jmc.homes\/wp-content\/uploads\/2026\/03\/JMC-favicon.png\" \/>\n\t<meta property=\"og:image:width\" content=\"1200\" \/>\n\t<meta property=\"og:image:height\" content=\"1200\" \/>\n\t<meta property=\"og:image:type\" content=\"image\/png\" \/>\n<meta name=\"twitter:card\" content=\"summary_large_image\" \/>\n<meta name=\"twitter:label1\" content=\"Gesch\u00e4tzte Lesezeit\" \/>\n\t<meta name=\"twitter:data1\" content=\"7\u00a0Minuten\" \/>\n<script type=\"application\/ld+json\" class=\"yoast-schema-graph\">{\"@context\":\"https:\/\/schema.org\",\"@graph\":[{\"@type\":\"WebPage\",\"@id\":\"https:\/\/jmc.homes\/aviso-legal\/\",\"url\":\"https:\/\/jmc.homes\/aviso-legal\/\",\"name\":\"Aviso Legal - JMC Homes\",\"isPartOf\":{\"@id\":\"https:\/\/jmc.homes\/#website\"},\"datePublished\":\"2026-03-03T14:56:12+00:00\",\"breadcrumb\":{\"@id\":\"https:\/\/jmc.homes\/aviso-legal\/#breadcrumb\"},\"inLanguage\":\"de\",\"potentialAction\":[{\"@type\":\"ReadAction\",\"target\":[\"https:\/\/jmc.homes\/aviso-legal\/\"]}]},{\"@type\":\"BreadcrumbList\",\"@id\":\"https:\/\/jmc.homes\/aviso-legal\/#breadcrumb\",\"itemListElement\":[{\"@type\":\"ListItem\",\"position\":1,\"name\":\"Portada\",\"item\":\"https:\/\/jmc.homes\/\"},{\"@type\":\"ListItem\",\"position\":2,\"name\":\"Aviso Legal\"}]},{\"@type\":\"WebSite\",\"@id\":\"https:\/\/jmc.homes\/#website\",\"url\":\"https:\/\/jmc.homes\/\",\"name\":\"JMC Homes\",\"description\":\"Un estilo de vida: exclusividad,  dise\u00f1o y confianza en cada detalle.\",\"publisher\":{\"@id\":\"https:\/\/jmc.homes\/#organization\"},\"potentialAction\":[{\"@type\":\"SearchAction\",\"target\":{\"@type\":\"EntryPoint\",\"urlTemplate\":\"https:\/\/jmc.homes\/?s={search_term_string}\"},\"query-input\":{\"@type\":\"PropertyValueSpecification\",\"valueRequired\":true,\"valueName\":\"search_term_string\"}}],\"inLanguage\":\"de\"},{\"@type\":\"Organization\",\"@id\":\"https:\/\/jmc.homes\/#organization\",\"name\":\"JMC Homes\",\"url\":\"https:\/\/jmc.homes\/\",\"logo\":{\"@type\":\"ImageObject\",\"inLanguage\":\"de\",\"@id\":\"https:\/\/jmc.homes\/#\/schema\/logo\/image\/\",\"url\":\"https:\/\/jmc.homes\/wp-content\/uploads\/2026\/03\/cropped-JMC-favicon.png\",\"contentUrl\":\"https:\/\/jmc.homes\/wp-content\/uploads\/2026\/03\/cropped-JMC-favicon.png\",\"width\":512,\"height\":512,\"caption\":\"JMC Homes\"},\"image\":{\"@id\":\"https:\/\/jmc.homes\/#\/schema\/logo\/image\/\"},\"sameAs\":[\"http:\/\/facebook.com\/jmc.tailored.projects\",\"https:\/\/www.instagram.com\/jmc_homes\/\",\"https:\/\/www.linkedin.com\/company\/jmchomes\/\"]}]}<\/script>\n<!-- \/ Yoast SEO plugin. -->","yoast_head_json":{"title":"Aviso Legal - JMC Homes","robots":{"index":"index","follow":"follow","max-snippet":"max-snippet:-1","max-image-preview":"max-image-preview:large","max-video-preview":"max-video-preview:-1"},"canonical":"https:\/\/jmc.homes\/de\/aviso-legal\/","og_locale":"de_DE","og_type":"article","og_title":"Aviso Legal - JMC Homes","og_description":"Aviso Legal El hecho de acceder a este sitio web implica el conocimiento y aceptaci\u00f3n de los siguientes t\u00e9rminos y condiciones y atribuye la condici\u00f3n de usuario de la web y el acceso al mismo implica su aceptaci\u00f3n sin reservas. En caso de no aceptar las cl\u00e1usulas establecidas en el presente Aviso Legal, el usuario [&hellip;]","og_url":"https:\/\/jmc.homes\/de\/aviso-legal\/","og_site_name":"JMC Homes","article_publisher":"http:\/\/facebook.com\/jmc.tailored.projects","og_image":[{"width":1200,"height":1200,"url":"https:\/\/jmc.homes\/wp-content\/uploads\/2026\/03\/JMC-favicon.png","type":"image\/png"}],"twitter_card":"summary_large_image","twitter_misc":{"Gesch\u00e4tzte Lesezeit":"7\u00a0Minuten"},"schema":{"@context":"https:\/\/schema.org","@graph":[{"@type":"WebPage","@id":"https:\/\/jmc.homes\/aviso-legal\/","url":"https:\/\/jmc.homes\/aviso-legal\/","name":"Aviso Legal - JMC Homes","isPartOf":{"@id":"https:\/\/jmc.homes\/#website"},"datePublished":"2026-03-03T14:56:12+00:00","breadcrumb":{"@id":"https:\/\/jmc.homes\/aviso-legal\/#breadcrumb"},"inLanguage":"de","potentialAction":[{"@type":"ReadAction","target":["https:\/\/jmc.homes\/aviso-legal\/"]}]},{"@type":"BreadcrumbList","@id":"https:\/\/jmc.homes\/aviso-legal\/#breadcrumb","itemListElement":[{"@type":"ListItem","position":1,"name":"Portada","item":"https:\/\/jmc.homes\/"},{"@type":"ListItem","position":2,"name":"Aviso Legal"}]},{"@type":"WebSite","@id":"https:\/\/jmc.homes\/#website","url":"https:\/\/jmc.homes\/","name":"JMC Homes","description":"Ein Lebensstil: Exklusivit\u00e4t, Design und Selbstbewusstsein bis ins kleinste Detail.","publisher":{"@id":"https:\/\/jmc.homes\/#organization"},"potentialAction":[{"@type":"SearchAction","target":{"@type":"EntryPoint","urlTemplate":"https:\/\/jmc.homes\/?s={search_term_string}"},"query-input":{"@type":"PropertyValueSpecification","valueRequired":true,"valueName":"search_term_string"}}],"inLanguage":"de"},{"@type":"Organization","@id":"https:\/\/jmc.homes\/#organization","name":"JMC Homes","url":"https:\/\/jmc.homes\/","logo":{"@type":"ImageObject","inLanguage":"de","@id":"https:\/\/jmc.homes\/#\/schema\/logo\/image\/","url":"https:\/\/jmc.homes\/wp-content\/uploads\/2026\/03\/cropped-JMC-favicon.png","contentUrl":"https:\/\/jmc.homes\/wp-content\/uploads\/2026\/03\/cropped-JMC-favicon.png","width":512,"height":512,"caption":"JMC Homes"},"image":{"@id":"https:\/\/jmc.homes\/#\/schema\/logo\/image\/"},"sameAs":["http:\/\/facebook.com\/jmc.tailored.projects","https:\/\/www.instagram.com\/jmc_homes\/","https:\/\/www.linkedin.com\/company\/jmchomes\/"]}]}},"_links":{"self":[{"href":"https:\/\/jmc.homes\/de\/wp-json\/wp\/v2\/pages\/226","targetHints":{"allow":["GET"]}}],"collection":[{"href":"https:\/\/jmc.homes\/de\/wp-json\/wp\/v2\/pages"}],"about":[{"href":"https:\/\/jmc.homes\/de\/wp-json\/wp\/v2\/types\/page"}],"author":[{"embeddable":true,"href":"https:\/\/jmc.homes\/de\/wp-json\/wp\/v2\/users\/1"}],"replies":[{"embeddable":true,"href":"https:\/\/jmc.homes\/de\/wp-json\/wp\/v2\/comments?post=226"}],"version-history":[{"count":1,"href":"https:\/\/jmc.homes\/de\/wp-json\/wp\/v2\/pages\/226\/revisions"}],"predecessor-version":[{"id":227,"href":"https:\/\/jmc.homes\/de\/wp-json\/wp\/v2\/pages\/226\/revisions\/227"}],"wp:attachment":[{"href":"https:\/\/jmc.homes\/de\/wp-json\/wp\/v2\/media?parent=226"}],"curies":[{"name":"wp","href":"https:\/\/api.w.org\/{rel}","templated":true}]}}